{"id":14349,"date":"2021-04-20T23:48:29","date_gmt":"2021-04-21T03:48:29","guid":{"rendered":"https:\/\/www.indigoloveofreading.org\/?page_id=14349"},"modified":"2024-11-27T09:18:43","modified_gmt":"2024-11-27T14:18:43","slug":"nos-oeuvres","status":"publish","type":"page","link":"https:\/\/www.indigoloveofreading.org\/fr\/nos-oeuvres\/","title":{"rendered":"Les livres changent la donne"},"content":{"rendered":"\n<p id=\"since-2004-we-have-been-dedicated-to-putting-books-in-the-hands-of-children-in-high-needs-communities-across-canada-with-the-support-of-indigo-and-its-customers-we-have-committed-over-33-million-to-over-2-500-schools-impacting-more-than-1-million-children\">Depuis 2004, nous nous effor\u00e7ons de mettre des livres entre les mains des enfants des communaut\u00e9s d\u00e9favoris\u00e9es \u00e0 travers le Canada. Avec le soutien d\u2019Indigo et de sa client\u00e8le, nous avons vers\u00e9 plus de 36\u00a0millions de dollars \u00e0 plus de 3 600 \u00e9coles, encourageant ainsi plus de 1 million d\u2019enfants canadiens \u00e0 d\u00e9velopper leur amour de la lecture.<\/p>\n\n\n\n<h2 class=\"wp-block-heading text-divider\" id=\"our-impact\">Nos r\u00e9sultats<\/h2>\n\n\n\n<p id=\"see-how-we-ve-helped-children-in-your-community-you-can-search-by-address-in-the-search-bar-on-the-map-below\">D\u00e9couvrez comment nous avons aid\u00e9 les enfants de votre communaut\u00e9. D\u00e9couvrez nos r\u00e9sultats au Canada:<\/p>\n\n\n\n<ul class=\"wp-block-list\">\n<li><a href=\"alberta\/\">Alberta<\/a><\/li>\n\n\n\n<li><a href=\"columbie-britannique\/\">Colombie-Britannique<\/a><\/li>\n\n\n\n<li><a href=\"manitoba\/\">Manitoba<\/a><\/li>\n\n\n\n<li><a href=\"nouveau-brunswick\/\">Nouveau- Brunswick<\/a><\/li>\n\n\n\n<li><a href=\"terre-neuve-et-labrador\/\">Terre-Neuve-et-Labrador<\/a><\/li>\n\n\n\n<li><a href=\"nouvelle-ecosse\/\">Nouvelle-\u00c9cosse<\/a><\/li>\n\n\n\n<li><a href=\"territoire-du-nord-ouest\/\">Territoires du Nord-Ouest<\/a><\/li>\n\n\n\n<li><a href=\"nunavut\/\">Nunavut<\/a><\/li>\n\n\n\n<li><a href=\"ile-du-prince-edouard\/\">\u00eele du Prince-\u00c9douard<\/a><\/li>\n\n\n\n<li><a href=\"ontario\/\">Ontario<\/a><\/li>\n\n\n\n<li><a href=\"quebec\/\">Qu\u00e9bec<\/a><\/li>\n\n\n\n<li><a href=\"saskatchewan\/\">Saskatchewan<\/a><\/li>\n\n\n\n<li><a href=\"yukon\/\">Yukon<\/a><\/li>\n<\/ul>\n\n\n\n<h2 class=\"wp-block-heading text-divider\" id=\"hear-what-recipients-have-to-say\">Voici ce que les \u00e9coles en disent<\/h2>\n\n\n<style>.kt-blocks-testimonials-wrap14349_3e5ea2-f5 .kt-svg-testimonial-global-icon{font-size:30px;}.kt-blocks-testimonials-wrap14349_3e5ea2-f5 .kt-testimonial-rating-wrap .kb-svg-icon-wrap{color:#ffd700;font-size:16px;}.kt-blocks-testimonials-wrap14349_3e5ea2-f5 .kt-testimonial-grid-wrap{gap:30px;}.kt-blocks-testimonials-wrap14349_3e5ea2-f5 .kt-blocks-testimonials-inner-wrap .kt-blocks-carousel-init:not(.splide-initialized):not(.tns-slider) .kb-slide-item{display:none;}.kt-blocks-testimonials-wrap14349_3e5ea2-f5 .kt-blocks-testimonials-inner-wrap .kt-blocks-carousel-init:not(.splide-initialized):not(.tns-slider) .kb-slide-item:nth-child(-n+1){padding-left:30px;display:block;float:left;width:calc(100% \/ 1);}.kt-blocks-testimonials-wrap14349_3e5ea2-f5 .kt-blocks-testimonials-inner-wrap .kt-blocks-carousel-init:not(.splide-initialized):not(.tns-slider){margin-left:-30px;}.kt-blocks-testimonials-wrap14349_3e5ea2-f5 .kt-testimonial-item-wrap{padding-top:20px;padding-right:20px;padding-bottom:20px;padding-left:20px;}.kt-blocks-testimonials-wrap14349_3e5ea2-f5 .kt-testimonial-content{color:#333333;font-size:22px;}.kt-blocks-testimonials-wrap14349_3e5ea2-f5 .kt-testimonial-name{color:#333333;}.kt-blocks-testimonials-wrap14349_3e5ea2-f5 .kt-testimonial-occupation{color:#555555;font-size:15px;}.kt-blocks-testimonials-wrap14349_3e5ea2-f5 .kt-testimonial-item-wrap{max-width:1000px;}.kt-blocks-testimonials-wrap14349_3e5ea2-f5 .kt-testimonial-media-inner-wrap{border-top:0px solid #555555;border-right:0px solid #555555;border-bottom:0px solid #555555;border-left:0px solid #555555;padding-top:0px;padding-right:0px;padding-bottom:0px;padding-left:0px;}.kt-blocks-testimonials-wrap14349_3e5ea2-f5 .kt-svg-testimonial-icon{justify-content:center;align-items:center;}.kt-blocks-testimonials-wrap14349_3e5ea2-f5 .kt-testimonial-media-inner-wrap .kadence-testimonial-image-intrisic{padding-bottom:75%;}@media all and (max-width: 1024px){.kt-blocks-testimonials-wrap14349_3e5ea2-f5 .kt-blocks-testimonials-inner-wrap .kt-blocks-carousel-init:not(.splide-initialized):not(.tns-slider) .kb-slide-item{display:none;}}@media all and (max-width: 1024px){.kt-blocks-testimonials-wrap14349_3e5ea2-f5 .kt-blocks-testimonials-inner-wrap .kt-blocks-carousel-init:not(.splide-initialized):not(.tns-slider) .kb-slide-item:nth-child(-n+1){padding-left:30px;display:block;float:left;width:calc(100% \/ 1);}}@media all and (max-width: 1024px){.kt-blocks-testimonials-wrap14349_3e5ea2-f5 .kt-blocks-testimonials-inner-wrap .kt-blocks-carousel-init:not(.splide-initialized):not(.tns-slider){margin-left:-30px;}}@media all and (max-width: 1024px){.kt-blocks-testimonials-wrap14349_3e5ea2-f5 .kt-testimonial-media-inner-wrap{border-top:0px solid #555555;border-right:0px solid #555555;border-bottom:0px solid #555555;border-left:0px solid #555555;}}@media all and (max-width: 767px){.kt-blocks-testimonials-wrap14349_3e5ea2-f5 .kt-blocks-carousel .kt-blocks-testimonial-carousel-item{padding-top:px;padding-bottom:px;margin-top:px;margin-bottom:px;}.kt-blocks-testimonials-wrap14349_3e5ea2-f5 .kt-blocks-testimonials-inner-wrap .kt-blocks-carousel-init:not(.splide-initialized):not(.tns-slider) .kb-slide-item{display:none;}.kt-blocks-testimonials-wrap14349_3e5ea2-f5 .kt-blocks-testimonials-inner-wrap .kt-blocks-carousel-init:not(.splide-initialized):not(.tns-slider) .kb-slide-item:nth-child(-n+1){display:block;float:left;width:calc(100% \/ 1);padding-left:30px;}.kt-blocks-testimonials-wrap14349_3e5ea2-f5 .kt-blocks-testimonials-inner-wrap .kt-blocks-carousel-init:not(.splide-initialized):not(.tns-slider){margin-left:-30px;}.kt-blocks-testimonials-wrap14349_3e5ea2-f5 .kt-testimonial-media-inner-wrap{border-top:0px solid #555555;border-right:0px solid #555555;border-bottom:0px solid #555555;border-left:0px solid #555555;}}<\/style><div class=\"kt-blocks-testimonials-wrap14349_3e5ea2-f5 kt-testimonial-halign-center kt-testimonial-style-card kt-testimonials-media-on kt-testimonials-icon-off kt-testimonial-columns-1 kt-t-xxl-col-1 kt-t-xl-col-1 kt-t-lg-col-1 kt-t-md-col-1 kt-t-sm-col-1 kt-t-xs-col-1 wp-block-kadence-testimonials\"><div class=\"kt-blocks-testimonials-inner-wrap kt-blocks-carousel kt-carousel-container-dotstyle-none kt-carousel-container-arrowstyle-blackonlight\"><ul class=\"kt-blocks-carousel-init kb-gallery-carousel kt-carousel-arrowstyle-blackonlight kt-carousel-dotstyle-none\" data-columns-xxl=\"1\" data-columns-xl=\"1\" data-columns-md=\"1\" data-columns-sm=\"1\" data-columns-xs=\"1\" data-columns-ss=\"1\" data-slider-anim-speed=\"400\" data-slider-scroll=\"1\" data-slider-type=\"loop\" data-slider-arrows=\"true\" data-slider-dots=\"false\" data-slider-hover-pause=\"false\" data-slider-auto=\"1\" data-slider-speed=\"7000\" data-slider-gap=\"30px\" data-slider-gap-tablet=\"30px\" data-slider-gap-mobile=\"30px\" data-show-pause-button=\"false\">\n<li class=\"kt-blocks-testimonial-carousel-item kb-slide-item\"><div class=\"kt-testimonial-item-wrap kt-testimonial-item-14349_f1cc4c-fd wp-block-kadence-testimonial\"><div class=\"kt-testimonial-text-wrap\"><div class=\"kt-testimonial-media-wrap\"><div class=\"kt-testimonial-media-inner-wrap\"><div class=\"kadence-testimonial-image-intrisic\"><img decoding=\"async\" src=\"https:\/\/dev-love-of-reading-foundation.pantheonsite.io\/wp-content\/uploads\/2019\/01\/Jodi-Coghlan_Parkdale-Elementary.jpg\" class=\"kt-testimonial-image\" style=\"object-fit: cover;\" \/><\/div><\/div><\/div><div class=\"kt-testimonial-content-wrap\"><blockquote class=\"kt-testimonial-content\">Quel cadeau extraordinaire que d\u2019avoir la possibilit\u00e9 d\u2019offrir une grande vari\u00e9t\u00e9 de livres \u00e0 nos \u00e9l\u00e8ves! Les nouveaux livres ont suscit\u00e9 un v\u00e9ritable enthousiasme dans toute l\u2019\u00e9cole. Ce fut une exp\u00e9rience rassembleuse et enrichissante. Merci d\u2019investir dans nos enfants et notre avenir!<\/blockquote><\/div><\/div><div class=\"kt-testimonial-meta-wrap\"><div class=\"kt-testimonial-meta-name-wrap\"><div class=\"kt-testimonial-name-wrap\"><div class=\"kt-testimonial-name\">Jodi Coghlan<\/div><\/div><div class=\"kt-testimonial-occupation-wrap\"><div class=\"kt-testimonial-occupation\">Enseignante \u00e0 Parkdale School<\/div><\/div><\/div><\/div><\/div><\/li>\n\n<li class=\"kt-blocks-testimonial-carousel-item kb-slide-item\"><div class=\"kt-testimonial-item-wrap kt-testimonial-item-14349_69fcc0-ec wp-block-kadence-testimonial\"><div class=\"kt-testimonial-text-wrap\"><div class=\"kt-testimonial-media-wrap\"><div class=\"kt-testimonial-media-inner-wrap\"><div class=\"kadence-testimonial-image-intrisic\"><img decoding=\"async\" src=\"https:\/\/dev-love-of-reading-foundation.pantheonsite.io\/wp-content\/uploads\/2019\/01\/Kim-Coulter_\u00c9cole-Opasquia-School-1.jpg\" class=\"kt-testimonial-image\" style=\"object-fit: cover;\" \/><\/div><\/div><\/div><div class=\"kt-testimonial-content-wrap\"><blockquote class=\"kt-testimonial-content\">Notre biblioth\u00e8que a fait peau neuve! J\u2019adore pouvoir r\u00e9pondre aux \u00e9l\u00e8ves et aux professeurs que nous avons le livre ou la s\u00e9rie qu&#8217;ils cherchent, ou que nous pouvons les obtenir pour eux. La subvention a insuffl\u00e9 un vent de fra\u00eecheur dans notre \u00e9cole; les \u00e9l\u00e8ves ont de plus en plus d\u2019int\u00e9r\u00eat pour la lecture.<\/blockquote><\/div><\/div><div class=\"kt-testimonial-meta-wrap\"><div class=\"kt-testimonial-meta-name-wrap\"><div class=\"kt-testimonial-name-wrap\"><div class=\"kt-testimonial-name\">Kim Coulter<\/div><\/div><div class=\"kt-testimonial-occupation-wrap\"><div class=\"kt-testimonial-occupation\">Biblioth\u00e9caire \u00e0 l\u2019\u00e9cole Opasquia<\/div><\/div><\/div><\/div><\/div><\/li>\n\n<li class=\"kt-blocks-testimonial-carousel-item kb-slide-item\"><div class=\"kt-testimonial-item-wrap kt-testimonial-item-14349_b77e6d-41 wp-block-kadence-testimonial\"><div class=\"kt-testimonial-text-wrap\"><div class=\"kt-testimonial-media-wrap\"><div class=\"kt-testimonial-media-inner-wrap\"><div class=\"kadence-testimonial-image-intrisic\"><img decoding=\"async\" src=\"https:\/\/dev-love-of-reading-foundation.pantheonsite.io\/wp-content\/uploads\/2019\/01\/Jason-Eng_Strathcona-Elementary2-1.jpg\" class=\"kt-testimonial-image\" style=\"object-fit: cover;\" \/><\/div><\/div><\/div><div class=\"kt-testimonial-content-wrap\"><blockquote class=\"kt-testimonial-content\">La subvention a transform\u00e9 la litt\u00e9ratie \u00e0 notre \u00e9cole. Elle nous permet d\u2019acheter les ressources n\u00e9cessaires pour r\u00e9pondre aux exigences du nouveau curriculum. Gr\u00e2ce aux fonds, nous pouvons aussi \u00e9largir notre biblioth\u00e8que \u00e9lectronique afin de d\u00e9velopper les habilet\u00e9s num\u00e9riques de nos \u00e9l\u00e8ves dans un monde en constante \u00e9volution.<\/blockquote><\/div><\/div><div class=\"kt-testimonial-meta-wrap\"><div class=\"kt-testimonial-meta-name-wrap\"><div class=\"kt-testimonial-name-wrap\"><div class=\"kt-testimonial-name\">Jason Eng<\/div><\/div><div class=\"kt-testimonial-occupation-wrap\"><div class=\"kt-testimonial-occupation\">Directeur \u00e0 Strathcona Elementary<\/div><\/div><\/div><\/div><\/div><\/li>\n\n<li class=\"kt-blocks-testimonial-carousel-item kb-slide-item\"><div class=\"kt-testimonial-item-wrap kt-testimonial-item-14349_1ba4d9-ae wp-block-kadence-testimonial\"><div class=\"kt-testimonial-text-wrap\"><div class=\"kt-testimonial-media-wrap\"><div class=\"kt-testimonial-media-inner-wrap\"><div class=\"kadence-testimonial-image-intrisic\"><img decoding=\"async\" src=\"https:\/\/dev-love-of-reading-foundation.pantheonsite.io\/wp-content\/uploads\/2019\/01\/Lorelle-Meyer_John-Diefenbaker.jpg\" class=\"kt-testimonial-image\" style=\"object-fit: cover;\" \/><\/div><\/div><\/div><div class=\"kt-testimonial-content-wrap\"><blockquote class=\"kt-testimonial-content\">L\u2019\u00e9merveillement des \u00e9l\u00e8ves lorsque nous avons rempli de nouveaux livres la biblioth\u00e8que de leur salle de classe restera grav\u00e9 dans ma m\u00e9moire. Beaucoup de mes \u00e9l\u00e8ves n\u2019ont pas de livre \u00e0 la maison; imaginez ce que cela repr\u00e9sente pour eux de tourner les pages de livres neufs. C\u2019\u00e9tait agr\u00e9able et gratifiant! Tout le monde souriait.<\/blockquote><\/div><\/div><div class=\"kt-testimonial-meta-wrap\"><div class=\"kt-testimonial-meta-name-wrap\"><div class=\"kt-testimonial-name-wrap\"><div class=\"kt-testimonial-name\">Lorelle Meyer<\/div><\/div><div class=\"kt-testimonial-occupation-wrap\"><div class=\"kt-testimonial-occupation\">Enseignante-biblioth\u00e9caire \u00e0 John Diefenbaker Public School<\/div><\/div><\/div><\/div><\/div><\/li>\n<\/ul><\/div><\/div>","protected":false},"excerpt":{"rendered":"<p>Depuis 2004, nous nous effor\u00e7ons de mettre des livres entre les mains des enfants des communaut\u00e9s d\u00e9favoris\u00e9es \u00e0 travers le Canada. Avec le soutien d\u2019Indigo et de sa client\u00e8le, nous avons vers\u00e9 plus de 36\u00a0millions de dollars \u00e0 plus de 3 600 \u00e9coles, encourageant ainsi plus de 1 million d\u2019enfants canadiens \u00e0 d\u00e9velopper leur amour &#8230; <a title=\"Les livres changent la donne\" class=\"read-more\" href=\"https:\/\/www.indigoloveofreading.org\/fr\/nos-oeuvres\/\" aria-label=\"Read more about Les livres changent la donne\">Lire plus<\/a><\/p>\n","protected":false},"author":37,"featured_media":0,"parent":0,"menu_order":0,"comment_status":"closed","ping_status":"closed","template":"","meta":{"_acf_changed":false,"inline_featured_image":false,"footnotes":""},"class_list":["post-14349","page","type-page","status-publish"],"acf":[],"_links":{"self":[{"href":"https:\/\/www.indigoloveofreading.org\/fr\/wp-json\/wp\/v2\/pages\/14349","targetHints":{"allow":["GET"]}}],"collection":[{"href":"https:\/\/www.indigoloveofreading.org\/fr\/wp-json\/wp\/v2\/pages"}],"about":[{"href":"https:\/\/www.indigoloveofreading.org\/fr\/wp-json\/wp\/v2\/types\/page"}],"author":[{"embeddable":true,"href":"https:\/\/www.indigoloveofreading.org\/fr\/wp-json\/wp\/v2\/users\/37"}],"replies":[{"embeddable":true,"href":"https:\/\/www.indigoloveofreading.org\/fr\/wp-json\/wp\/v2\/comments?post=14349"}],"version-history":[{"count":10,"href":"https:\/\/www.indigoloveofreading.org\/fr\/wp-json\/wp\/v2\/pages\/14349\/revisions"}],"predecessor-version":[{"id":16809,"href":"https:\/\/www.indigoloveofreading.org\/fr\/wp-json\/wp\/v2\/pages\/14349\/revisions\/16809"}],"wp:attachment":[{"href":"https:\/\/www.indigoloveofreading.org\/fr\/wp-json\/wp\/v2\/media?parent=14349"}],"curies":[{"name":"wp","href":"https:\/\/api.w.org\/{rel}","templated":true}]}}