{"id":14470,"date":"2021-03-16T22:59:43","date_gmt":"2021-03-17T02:59:43","guid":{"rendered":"https:\/\/www.indigoloveofreading.org\/grants\/"},"modified":"2022-02-01T13:56:28","modified_gmt":"2022-02-01T18:56:28","slug":"subventions","status":"publish","type":"page","link":"https:\/\/www.indigoloveofreading.org\/fr\/subventions\/","title":{"rendered":"Subventions"},"content":{"rendered":"\n<h2 class=\"wp-block-heading\" id=\"literacy-fund-grant\">Subvention du Fonds pour la litt\u00e9ratie<\/h2>\n\n<p>Favorise et appuie les initiatives d&#8217;alphab\u00e9tisation dans les \u00e9coles \u00e9l\u00e9mentaires canadiennes \u00e0 besoins \u00e9lev\u00e9s en finan\u00e7ant l&#8217;achat de livres et de ressources p\u00e9dagogiques.<\/p>\n\n<div class=\"wp-block-buttons is-layout-flex wp-block-buttons-is-layout-flex\">\n<div class=\"wp-block-button\"><a class=\"wp-block-button__link\" href=\"https:\/\/www.indigoloveofreading.org\/fr\/subventions\/subvention-du-fonds-pour-la-litteratie\/\">En savoir plus<\/a><\/div>\n<\/div>\n\n<h2 class=\"wp-block-heading\" id=\"adopt-a-school\">Adoptez une \u00e9cole<\/h2>\n\n<p>Chaque ann\u00e9e scolaire, les magasins Indigo \u00e0 travers le Canada \u00ab adoptent \u00bb une \u00e9cole primaire locale \u00e0 besoins \u00e9lev\u00e9s et collectent des fonds en leur nom.<\/p>\n\n<div class=\"wp-block-buttons is-layout-flex wp-block-buttons-is-layout-flex\">\n<div class=\"wp-block-button\"><a class=\"wp-block-button__link\" href=\"https:\/\/www.indigoloveofreading.org\/fr\/subventions\/adoptez-une-ecole\/\">En savoir plus<\/a><\/div>\n<\/div>\n\n<h2 class=\"wp-block-heading\" id=\"community-response-fund\">Fonds d&#8217;intervention communautaire<\/h2>\n\n<p>Favorise et appuie les initiatives d\u2019alphab\u00e9tisation des communaut\u00e9s dans le besoin en finan\u00e7ant l\u2019achat de livres et de ressources p\u00e9dagogiques.<\/p>\n\n<div class=\"wp-block-buttons is-layout-flex wp-block-buttons-is-layout-flex\">\n<div class=\"wp-block-button\"><a class=\"wp-block-button__link\" href=\"https:\/\/www.indigoloveofreading.org\/fund\/community-response-fund\/\">En savoir plus<\/a><\/div>\n<\/div>\n","protected":false},"excerpt":{"rendered":"<p>Subvention du Fonds pour la litt\u00e9ratie Favorise et appuie les initiatives d&#8217;alphab\u00e9tisation dans les \u00e9coles \u00e9l\u00e9mentaires canadiennes \u00e0 besoins \u00e9lev\u00e9s en finan\u00e7ant l&#8217;achat de livres et de ressources p\u00e9dagogiques. Adoptez une \u00e9cole Chaque ann\u00e9e scolaire, les magasins Indigo \u00e0 travers le Canada \u00ab adoptent \u00bb une \u00e9cole primaire locale \u00e0 besoins \u00e9lev\u00e9s et collectent des &#8230; <a title=\"Subventions\" class=\"read-more\" href=\"https:\/\/www.indigoloveofreading.org\/fr\/subventions\/\" aria-label=\"Read more about Subventions\">Lire plus<\/a><\/p>\n","protected":false},"author":37,"featured_media":0,"parent":0,"menu_order":0,"comment_status":"closed","ping_status":"closed","template":"","meta":{"_acf_changed":false,"inline_featured_image":false,"footnotes":""},"class_list":["post-14470","page","type-page","status-publish"],"acf":[],"_links":{"self":[{"href":"https:\/\/www.indigoloveofreading.org\/fr\/wp-json\/wp\/v2\/pages\/14470","targetHints":{"allow":["GET"]}}],"collection":[{"href":"https:\/\/www.indigoloveofreading.org\/fr\/wp-json\/wp\/v2\/pages"}],"about":[{"href":"https:\/\/www.indigoloveofreading.org\/fr\/wp-json\/wp\/v2\/types\/page"}],"author":[{"embeddable":true,"href":"https:\/\/www.indigoloveofreading.org\/fr\/wp-json\/wp\/v2\/users\/37"}],"replies":[{"embeddable":true,"href":"https:\/\/www.indigoloveofreading.org\/fr\/wp-json\/wp\/v2\/comments?post=14470"}],"version-history":[{"count":4,"href":"https:\/\/www.indigoloveofreading.org\/fr\/wp-json\/wp\/v2\/pages\/14470\/revisions"}],"predecessor-version":[{"id":15288,"href":"https:\/\/www.indigoloveofreading.org\/fr\/wp-json\/wp\/v2\/pages\/14470\/revisions\/15288"}],"wp:attachment":[{"href":"https:\/\/www.indigoloveofreading.org\/fr\/wp-json\/wp\/v2\/media?parent=14470"}],"curies":[{"name":"wp","href":"https:\/\/api.w.org\/{rel}","templated":true}]}}