{"id":16178,"date":"2023-04-10T08:35:06","date_gmt":"2023-04-10T12:35:06","guid":{"rendered":"https:\/\/www.indigoloveofreading.org\/ressources-en-litteratie-pour-les-enfants\/"},"modified":"2025-02-13T12:09:45","modified_gmt":"2025-02-13T17:09:45","slug":"ressources-en-litteratie-pour-les-enfants","status":"publish","type":"page","link":"https:\/\/www.indigoloveofreading.org\/fr\/ressources-en-litteratie-pour-les-enfants\/","title":{"rendered":"Ressources en litt\u00e9ratie pour les enfants"},"content":{"rendered":"\n<p>\u00c0 la Fondation Indigo pour l\u2019amour de la lecture, nous faisons tout en notre pouvoir afin que les enfants partout au Canada aient l\u2019acc\u00e8s \u00e0 des livres et qu\u2019ils aient l\u2019occasion de d\u00e9velopper un amour pour la lecture. Cependant, nous reconnaissons aussi l\u2019importance vitale d\u2019avoir le soutien d\u2019un personnel enseignant passionn\u00e9 et d\u00e9vou\u00e9 pour que les \u00e9l\u00e8ves puissent \u00e9voluer dans un environnement positif. C\u2019est pourquoi nous avons travaill\u00e9 si fort pour cr\u00e9er des outils et des ressources <em>pour le personnel enseignant<\/em>, afin de l\u2019aider \u00e0 inspirer l\u2019amour de la lecture aux \u00e9l\u00e8ves. Ces ressources ont \u00e9t\u00e9 con\u00e7ues pour aider le personnel enseignant \u00e0 tirer le maximum des livres introduits dans les biblioth\u00e8ques et dans les salles de classe, et pour les aider \u00e0 continuer d\u2019inspirer la prochaine g\u00e9n\u00e9ration de lecteurs, de lectrices et de leaders dans leur parcours de litt\u00e9ratie.<\/p>\n\n\n<div class=\"sdm_download_item \"><div class=\"sdm_download_item_top\"><div class=\"sdm_download_thumbnail\"><img decoding=\"async\" class=\"sdm_download_thumbnail_image\" src=\"https:\/\/www.indigoloveofreading.org\/wp-content\/uploads\/2025\/02\/132250_ILOR_Pathways_Reflection_Guide_FR_V4-pdf.jpg\" alt = \"Vers des actions concr\u00e8tes\" \/><\/div><div class=\"sdm_download_title\">Vers des actions concr\u00e8tes<\/div><\/div><div style=\"clear:both;\"><\/div><div class=\"sdm_download_description\"><p>Guide de r\u00e9flexion pour le personnel enseignant en vue de la Journ\u00e9e nationale de la v\u00e9rit\u00e9 et de la r\u00e9conciliation et au-del\u00e0<\/p>\n<\/div><div class=\"sdm_download_link\"><span class=\"sdm_download_button\"><a href=\"https:\/\/www.indigoloveofreading.org\/fr\/?sdm_process_download=1&download_id=17042\" class=\"sdm_download green\" title=\"Vers des actions concr\u00e8tes\" target=\"_self\">T\u00e9l\u00e9charger le catalogue<\/a><\/span><\/div><\/div><div class=\"sdm_download_item \"><div class=\"sdm_download_item_top\"><div class=\"sdm_download_thumbnail\"><img decoding=\"async\" class=\"sdm_download_thumbnail_image\" src=\"https:\/\/www.indigoloveofreading.org\/wp-content\/uploads\/2025\/02\/134250_ILOR_Lesson_Plan_FR_V4-pdf.jpg\" alt = \"Plan de cours inclusif \u2013 De la maternelle \u00e0 la 8e ann\u00e9e\" \/><\/div><div class=\"sdm_download_title\">Plan de cours inclusif \u2013 De la maternelle \u00e0 la 8e ann\u00e9e<\/div><\/div><div style=\"clear:both;\"><\/div><div class=\"sdm_download_description\"><p>La Fondation Indigo pour l\u2019amour de la lecture est ravie d\u2019offrir un ensemble de plans de cours formidables \u00e0 notre communaut\u00e9 d\u2019enseignants et d\u2019enseignantes. Ces plans de cours sont con\u00e7us pour aider les \u00e9l\u00e8ves \u00e0 r\u00e9fl\u00e9chir \u00e0 d\u2019importants concepts li\u00e9s \u00e0 l\u2019inclusion, pour que les \u00e9l\u00e8ves cr\u00e9ent les outils de r\u00e9flexion dont ils ont besoin pour donner sens \u00e0 ces concepts ainsi que pour mettre au d\u00e9fi ce qu\u2019ils lisent et apprennent. Dans les plans de cours pour chaque niveau scolaire se trouvent 42 recommandations de livres choisis par des enseignants et enseignantes du Canada qui s\u2019engagent envers l\u2019\u00e9ducation anti-oppressive et antiraciste sont.<\/p>\n<\/div><div class=\"sdm_download_link\"><span class=\"sdm_download_button\"><a href=\"https:\/\/www.indigoloveofreading.org\/fr\/?sdm_process_download=1&download_id=17037\" class=\"sdm_download green\" title=\"Plan de cours inclusif \u2013 De la maternelle \u00e0 la 8e ann\u00e9e\" target=\"_self\">T\u00e9l\u00e9charger le catalogue<\/a><\/span><\/div><\/div><div class=\"sdm_download_item \"><div class=\"sdm_download_item_top\"><div class=\"sdm_download_thumbnail\"><img decoding=\"async\" class=\"sdm_download_thumbnail_image\" src=\"https:\/\/www.indigoloveofreading.org\/wp-content\/uploads\/2023\/04\/LOR-Read_for_the_Planet_Lesson_Plan-FR-PRINT_version_Page_01.jpg\" alt = \"Lire pour la plan\u00e8te \u2013 Plan de cours (de la maternelle \u00e0 la 6e ann\u00e9e)\" \/><\/div><div class=\"sdm_download_title\">Lire pour la plan\u00e8te \u2013 Plan de cours (de la maternelle \u00e0 la 6e ann\u00e9e)<\/div><\/div><div style=\"clear:both;\"><\/div><div class=\"sdm_download_description\"><p>Ce plan de cours comprend 8 diff\u00e9rentes le\u00e7ons, regroup\u00e9es par niveaux scolaires (de la maternelle \u00e0 la 2e ann\u00e9e et de la 3e \u00e0 la 6e ann\u00e9e). Nous esp\u00e9rons que ces le\u00e7ons contribueront \u00e0 la pens\u00e9e critique des \u00e9l\u00e8ves en ce qui concerne d\u2019importants concepts environnementaux et qu\u2019elles les aideront \u00e0 fa\u00e7onner les outils de r\u00e9flexion dont ils ont besoin pour donner sens \u00e0 ces concepts. Nous souhaitons aussi que ces le\u00e7ons mettent au d\u00e9fi ce que les \u00e9l\u00e8ves lisent et apprennent. Nous avons b\u00e2ti ce document de sorte qu\u2019il constitue une ressource pr\u00eate \u00e0 \u00eatre utilis\u00e9e, gr\u00e2ce \u00e0 des feuilles d\u2019activit\u00e9s pour le personnel enseignant et pour les \u00e9l\u00e8ves, qui peuvent \u00eatre imprim\u00e9es et utilis\u00e9es de fa\u00e7on compl\u00e9mentaire aux divers objectifs d\u2019apprentissage et \u00e0 l\u2019exp\u00e9rience des le\u00e7ons. L\u2019annexe de cette ressource comprend une liste de recommandations de livres pour accompagner des le\u00e7ons en particulier.<\/p>\n<\/div><div class=\"sdm_download_link\"><span class=\"sdm_download_button\"><a href=\"https:\/\/www.indigoloveofreading.org\/fr\/?sdm_process_download=1&download_id=16231\" class=\"sdm_download green\" title=\"Lire pour la plan\u00e8te \u2013 Plan de cours (de la maternelle \u00e0 la 6e ann\u00e9e)\" target=\"_self\">T\u00e9l\u00e9charger le catalogue<\/a><\/span><\/div><\/div><div class=\"sdm_download_item \"><div class=\"sdm_download_item_top\"><div class=\"sdm_download_thumbnail\"><img decoding=\"async\" class=\"sdm_download_thumbnail_image\" src=\"https:\/\/www.indigoloveofreading.org\/wp-content\/uploads\/2023\/04\/LOR-RFTP-Family_Guide-FR-pdf.jpg\" alt = \"Guide familial Lire pour la plan\u00e8te\" \/><\/div><div class=\"sdm_download_title\">Guide familial Lire pour la plan\u00e8te<\/div><\/div><div style=\"clear:both;\"><\/div><div class=\"sdm_download_description\"><p>Modules d\u2019apprentissage Lire pour la plan\u00e8te. Nous savons que l\u2019\u00e9cole est un endroit parmi d\u2019autres o\u00f9 les \u00e9l\u00e8ves font leur apprentissage. La maison est un endroit primordial pour l\u2019expansion et la mise en pratique de ce qui se passe dans la salle de classe. Ce guide sugg\u00e8re aux parents ainsi qu\u2019aux \u00e9ducateurs et aux \u00e9ducatrices des lectures et des sujets de discussion, en plus de contenir des feuilles d\u2019activit\u00e9s et un mod\u00e8le pour lancer \u00e0 la maison un projet d\u2019action qui repose sur la lecture pour vous inspirer, vous et vos jeunes visionnaires, tout en vous amusant \u00e0 d\u00e9couvrir ensemble votre environnement.<\/p>\n<\/div><div class=\"sdm_download_link\"><span class=\"sdm_download_button\"><a href=\"https:\/\/www.indigoloveofreading.org\/fr\/?sdm_process_download=1&download_id=16153\" class=\"sdm_download green\" title=\"Guide familial Lire pour la plan\u00e8te\" target=\"_self\">T\u00e9l\u00e9charger le catalogue<\/a><\/span><\/div><\/div><div class=\"sdm_clear_float\"><\/div>\n","protected":false},"excerpt":{"rendered":"<p>\u00c0 la Fondation Indigo pour l\u2019amour de la lecture, nous faisons tout en notre pouvoir afin que les enfants partout au Canada aient l\u2019acc\u00e8s \u00e0 des livres et qu\u2019ils aient l\u2019occasion de d\u00e9velopper un amour pour la lecture. Cependant, nous reconnaissons aussi l\u2019importance vitale d\u2019avoir le soutien d\u2019un personnel enseignant passionn\u00e9 et d\u00e9vou\u00e9 pour que &#8230; <a title=\"Ressources en litt\u00e9ratie pour les enfants\" class=\"read-more\" href=\"https:\/\/www.indigoloveofreading.org\/fr\/ressources-en-litteratie-pour-les-enfants\/\" aria-label=\"Read more about Ressources en litt\u00e9ratie pour les enfants\">Lire plus<\/a><\/p>\n","protected":false},"author":37,"featured_media":0,"parent":0,"menu_order":0,"comment_status":"closed","ping_status":"closed","template":"","meta":{"_acf_changed":false,"inline_featured_image":false,"footnotes":""},"class_list":["post-16178","page","type-page","status-publish"],"acf":[],"_links":{"self":[{"href":"https:\/\/www.indigoloveofreading.org\/fr\/wp-json\/wp\/v2\/pages\/16178","targetHints":{"allow":["GET"]}}],"collection":[{"href":"https:\/\/www.indigoloveofreading.org\/fr\/wp-json\/wp\/v2\/pages"}],"about":[{"href":"https:\/\/www.indigoloveofreading.org\/fr\/wp-json\/wp\/v2\/types\/page"}],"author":[{"embeddable":true,"href":"https:\/\/www.indigoloveofreading.org\/fr\/wp-json\/wp\/v2\/users\/37"}],"replies":[{"embeddable":true,"href":"https:\/\/www.indigoloveofreading.org\/fr\/wp-json\/wp\/v2\/comments?post=16178"}],"version-history":[{"count":12,"href":"https:\/\/www.indigoloveofreading.org\/fr\/wp-json\/wp\/v2\/pages\/16178\/revisions"}],"predecessor-version":[{"id":17054,"href":"https:\/\/www.indigoloveofreading.org\/fr\/wp-json\/wp\/v2\/pages\/16178\/revisions\/17054"}],"wp:attachment":[{"href":"https:\/\/www.indigoloveofreading.org\/fr\/wp-json\/wp\/v2\/media?parent=16178"}],"curies":[{"name":"wp","href":"https:\/\/api.w.org\/{rel}","templated":true}]}}