{"id":17176,"date":"2025-06-03T15:19:35","date_gmt":"2025-06-03T19:19:35","guid":{"rendered":"https:\/\/www.indigoloveofreading.org\/subventions\/beneficiaires-dune-subvention-en-2025\/"},"modified":"2025-06-26T12:01:09","modified_gmt":"2025-06-26T16:01:09","slug":"beneficiaires-dune-subvention-en-2025","status":"publish","type":"page","link":"https:\/\/www.indigoloveofreading.org\/fr\/subventions\/beneficiaires-dune-subvention-en-2025\/","title":{"rendered":"B\u00e9n\u00e9ficiaires d\u2019une subvention en 2025"},"content":{"rendered":"\n<p>La Fondation Indigo pour l\u2019amour de la lecture est d\u00e9termin\u00e9e \u00e0 favoriser la litt\u00e9ratie d\u2019un bout \u00e0 l\u2019autre du pays et \u00e0 s\u2019assurer que les enfants ont acc\u00e8s \u00e0 des livres. Cette ann\u00e9e, des milliers d\u2019\u00e9l\u00e8ves au Canada recevront du soutien essentiel pour d\u00e9velopper leurs comp\u00e9tences en litt\u00e9ratie gr\u00e2ce \u00e0 des subventions du Fonds pour la litt\u00e9ratie totalisant plus de 1 million de dollars. Pour mieux comprendre les retomb\u00e9es de ces fonds, \u00e9coutez les histoires des \u00e9l\u00e8ves et du personnel des \u00e9coles b\u00e9n\u00e9ficiaires de cette ann\u00e9e.  <\/p>\n\n\n\n<figure class=\"wp-block-embed is-type-video is-provider-youtube wp-block-embed-youtube wp-embed-aspect-16-9 wp-has-aspect-ratio\"><div class=\"wp-block-embed__wrapper\">\n<iframe loading=\"lazy\" title=\"2025 Literacy Fund Grant Announcement\" width=\"1200\" height=\"675\" src=\"https:\/\/www.youtube.com\/embed\/yaOvy7bo-rY?feature=oembed\" frameborder=\"0\" allow=\"accelerometer; autoplay; clipboard-write; encrypted-media; gyroscope; picture-in-picture; web-share\" referrerpolicy=\"strict-origin-when-cross-origin\" allowfullscreen><\/iframe>\n<\/div><\/figure>\n\n\n\n<hr class=\"wp-block-separator alignwide has-alpha-channel-opacity\"\/>\n\n\n\n<h5 class=\"wp-block-heading\"><strong>Pleins feux sur les lecteurs et lectrices de cette ann\u00e9e<\/strong><\/h5>\n\n\n\n<hr class=\"wp-block-separator alignwide has-alpha-channel-opacity\"\/>\n\n\n\n<div class=\"wp-block-columns is-layout-flex wp-container-core-columns-is-layout-9d6595d7 wp-block-columns-is-layout-flex\">\n<div class=\"wp-block-column is-layout-flow wp-block-column-is-layout-flow\"><div class=\"gb-container gb-container-e92accaa\">\n<div class=\"gb-container gb-container-91b3e5e9\">\n<div class=\"wp-block-image\">\n<figure class=\"alignleft size-full\"><img loading=\"lazy\" decoding=\"async\" width=\"2560\" height=\"1707\" src=\"https:\/\/www.indigoloveofreading.org\/wp-content\/uploads\/2025\/05\/Diverse-Books-1-scaled.jpg\" alt=\"\" class=\"wp-image-17137\" srcset=\"https:\/\/www.indigoloveofreading.org\/wp-content\/uploads\/2025\/05\/Diverse-Books-1-scaled.jpg 2560w, https:\/\/www.indigoloveofreading.org\/wp-content\/uploads\/2025\/05\/Diverse-Books-1-300x200.jpg 300w, https:\/\/www.indigoloveofreading.org\/wp-content\/uploads\/2025\/05\/Diverse-Books-1-1024x683.jpg 1024w, https:\/\/www.indigoloveofreading.org\/wp-content\/uploads\/2025\/05\/Diverse-Books-1-768x512.jpg 768w, https:\/\/www.indigoloveofreading.org\/wp-content\/uploads\/2025\/05\/Diverse-Books-1-120x80.jpg 120w, https:\/\/www.indigoloveofreading.org\/wp-content\/uploads\/2025\/05\/Diverse-Books-1-50x33.jpg 50w, https:\/\/www.indigoloveofreading.org\/wp-content\/uploads\/2025\/05\/Diverse-Books-1-1600x1067.jpg 1600w, https:\/\/www.indigoloveofreading.org\/wp-content\/uploads\/2025\/05\/Diverse-Books-1-1536x1024.jpg 1536w, https:\/\/www.indigoloveofreading.org\/wp-content\/uploads\/2025\/05\/Diverse-Books-1-2048x1366.jpg 2048w\" sizes=\"auto, (max-width: 2560px) 100vw, 2560px\" \/><\/figure><\/div>\n<\/div>\n<\/div>\n\n\n<p><em>\u00ab J\u2019ai h\u00e2te de lire d\u2019autres livres qui pr\u00e9sentent diff\u00e9rentes cultures. Je viens de Chine, et mes camarades de classe viennent de partout dans le monde. Je veux lire des livres sur nous. \u00bb <\/em><\/p>\n\n\n\n<p><strong>\u2013 Mandy, \u00e9l\u00e8ve de 5e ann\u00e9e \u00e0 l\u2019\u00e9cole primaire Inglis Street, \u00e0 Halifax, en Nouvelle-\u00c9cosse<\/strong><\/p>\n\n\n\n<p><\/p>\n<\/div>\n\n\n\n<div class=\"wp-block-column is-layout-flow wp-block-column-is-layout-flow\">\n<figure class=\"wp-block-image size-full\"><img loading=\"lazy\" decoding=\"async\" width=\"567\" height=\"514\" src=\"https:\/\/www.indigoloveofreading.org\/wp-content\/uploads\/2025\/05\/Library-Shelves.jpg\" alt=\"\" class=\"wp-image-17135\" srcset=\"https:\/\/www.indigoloveofreading.org\/wp-content\/uploads\/2025\/05\/Library-Shelves.jpg 567w, https:\/\/www.indigoloveofreading.org\/wp-content\/uploads\/2025\/05\/Library-Shelves-300x272.jpg 300w, https:\/\/www.indigoloveofreading.org\/wp-content\/uploads\/2025\/05\/Library-Shelves-50x45.jpg 50w\" sizes=\"auto, (max-width: 567px) 100vw, 567px\" \/><\/figure>\n\n\n\n<p><em><em>\u00ab&nbsp;J\u2019aimerais vraiment voir plus de types de livres dans notre biblioth\u00e8que pour pouvoir d\u00e9couvrir si je les aime. J\u2019aime lire des miniromans et j\u2019ai h\u00e2te de lire de nouvelles s\u00e9ries de miniromans de toutes sortes. <\/em>C\u2019est excitant quand on re\u00e7oit de nouveaux livres!&nbsp;\u00bb<\/em><\/p>\n\n\n\n<p><strong>\u2013 Peyton, \u00e9l\u00e8ve de 3e ann\u00e9e \u00e0 l\u2019\u00e9cole primaire Sea View de Port Alice, en Colombie-Britannique<\/strong> <\/p>\n<\/div>\n\n\n\n<div class=\"wp-block-column is-layout-flow wp-block-column-is-layout-flow\">\n<figure class=\"wp-block-image size-full\"><img loading=\"lazy\" decoding=\"async\" width=\"508\" height=\"382\" src=\"https:\/\/www.indigoloveofreading.org\/wp-content\/uploads\/2025\/05\/HT-Library.jpg\" alt=\"\" class=\"wp-image-17139\" srcset=\"https:\/\/www.indigoloveofreading.org\/wp-content\/uploads\/2025\/05\/HT-Library.jpg 508w, https:\/\/www.indigoloveofreading.org\/wp-content\/uploads\/2025\/05\/HT-Library-300x226.jpg 300w, https:\/\/www.indigoloveofreading.org\/wp-content\/uploads\/2025\/05\/HT-Library-50x38.jpg 50w\" sizes=\"auto, (max-width: 508px) 100vw, 508px\" \/><\/figure>\n\n\n\n<p><em>\u00ab Je voudrais voir des livres qui ont beaucoup d\u2019action, parce que j\u2019aime les livres avec beaucoup de rebondissements! \u00bb <\/em><\/p>\n\n\n\n<p><strong>\u2013 Henry, \u00e9l\u00e8ve de 4e ann\u00e9e \u00e0 l\u2019\u00e9cole publique Harriett Todd \u00e0 Orillia, en Ontario<\/strong><\/p>\n<\/div>\n<\/div>\n\n\n\n<hr class=\"wp-block-separator alignwide has-alpha-channel-opacity\"\/>\n\n\n\n<h5 class=\"wp-block-heading\"><strong>Rafra\u00eechissement des biblioth\u00e8ques scolaires partout au Canada<\/strong><\/h5>\n\n\n\n<hr class=\"wp-block-separator alignwide has-alpha-channel-opacity\"\/>\n\n\n\n<div class=\"wp-block-media-text alignwide is-stacked-on-mobile\" style=\"grid-template-columns:47% auto\"><figure class=\"wp-block-media-text__media\"><img loading=\"lazy\" decoding=\"async\" width=\"768\" height=\"1024\" src=\"https:\/\/www.indigoloveofreading.org\/wp-content\/uploads\/2025\/05\/JCY-Library-768x1024.jpg\" alt=\"\" class=\"wp-image-17121 size-full\" srcset=\"https:\/\/www.indigoloveofreading.org\/wp-content\/uploads\/2025\/05\/JCY-Library-768x1024.jpg 768w, https:\/\/www.indigoloveofreading.org\/wp-content\/uploads\/2025\/05\/JCY-Library-225x300.jpg 225w, https:\/\/www.indigoloveofreading.org\/wp-content\/uploads\/2025\/05\/JCY-Library-50x67.jpg 50w, https:\/\/www.indigoloveofreading.org\/wp-content\/uploads\/2025\/05\/JCY-Library-1600x2133.jpg 1600w, https:\/\/www.indigoloveofreading.org\/wp-content\/uploads\/2025\/05\/JCY-Library-1152x1536.jpg 1152w, https:\/\/www.indigoloveofreading.org\/wp-content\/uploads\/2025\/05\/JCY-Library-1536x2048.jpg 1536w, https:\/\/www.indigoloveofreading.org\/wp-content\/uploads\/2025\/05\/JCY-Library-scaled.jpg 1920w\" sizes=\"auto, (max-width: 768px) 100vw, 768px\" \/><\/figure><div class=\"wp-block-media-text__content\">\n<h6 class=\"wp-block-heading\" style=\"font-size:28px\">John C. Yesno Education Centre<\/h6>\n\n\n\n<p>Eabamet Lake, Ontario<\/p>\n\n\n\n<p><em>\u00ab Dans la Premi\u00e8re Nation d\u2019Eabametoong, l\u2019\u00e9cole John C. Yesno et sa vaste biblioth\u00e8que ont \u00e9t\u00e9 le carrefour des livres et de la litt\u00e9ratie dans la communaut\u00e9, malgr\u00e9 un catalogue de livres vieillissant. Apr\u00e8s la perte tragique du b\u00e2timent de l\u2019\u00e9cole et de la biblioth\u00e8que \u00e0 la suite d\u2019un incendie en janvier 2024, les enseignants, les enseignantes et le personnel ont imm\u00e9diatement commenc\u00e9 \u00e0 r\u00e9fl\u00e9chir \u00e0 la forme que devrait prendre l\u2019\u00e9cole dans une communaut\u00e9 ojibw\u00e9e isol\u00e9e du nord. Parall\u00e8lement \u00e0 notre nouveau syst\u00e8me d\u2019\u00e9ducation bas\u00e9e sur le territoire, nous nous engageons \u00e9galement \u00e0 favoriser l\u2019amour de la lecture chez nos \u00e9l\u00e8ves. Avec les dons limit\u00e9s que nous avons re\u00e7us jusqu\u2019\u00e0 pr\u00e9sent, nous avons d\u00e9j\u00e0 observ\u00e9 que des \u00e9l\u00e8ves commencent \u00e0 s\u2019int\u00e9resser r\u00e9ellement \u00e0 la lecture pendant que nous pla\u00e7ons les bases d\u2019une nouvelle biblioth\u00e8que qui refl\u00e8te v\u00e9ritablement l\u2019identit\u00e9 de nos \u00e9l\u00e8ves. Nous sommes tr\u00e8s enthousiastes \u00e0 l\u2019id\u00e9e de travailler avec Indigo pour renforcer notre capacit\u00e9 \u00e0 mettre les \u00e9l\u00e8ves en contact avec des livres qu\u2019ils aimeront toute leur vie. \u00bb<\/em><\/p>\n\n\n\n<p>\u2013 Hanna Waswa, enseignante de 8e ann\u00e9e (secondaire 2)<\/p>\n<\/div><\/div>\n\n\n\n<hr class=\"wp-block-separator alignwide has-alpha-channel-opacity\"\/>\n\n\n\n<div class=\"wp-block-media-text alignwide has-media-on-the-right is-stacked-on-mobile\"><div class=\"wp-block-media-text__content\">\n<h6 class=\"wp-block-heading\" style=\"font-size:28px\">Annie Gale School<\/h6>\n\n\n\n<p>Calgary, Alberta<\/p>\n\n\n\n<p><em>\u00ab La communaut\u00e9 d\u2019Annie Gale est diversifi\u00e9e, riche et dynamique, et nos \u00e9l\u00e8ves apportent un tr\u00e9sor d\u2019exp\u00e9riences de vie et de perspectives. Leur donner acc\u00e8s \u00e0 des livres dans lesquels ils se voient est donc inestimable; la repr\u00e9sentation est importante! La g\u00e9n\u00e9reuse subvention du Fonds pour la litt\u00e9ratie leur permettra de d\u00e9velopper un plus grand sentiment d\u2019appartenance \u00e0 la communaut\u00e9 scolaire, fera la promotion de l\u2019inclusion et favorisera l\u2019empathie en augmentant leur exposition \u00e0 une vari\u00e9t\u00e9 d\u2019id\u00e9es et de perspectives gr\u00e2ce \u00e0 des exp\u00e9riences de lecture significatives. \u00bb<\/em><\/p>\n\n\n\n<p>\u2013 Amber Donahue, enseignante de sciences humaines et responsable de l\u2019apprentissage<\/p>\n<\/div><figure class=\"wp-block-media-text__media\"><img loading=\"lazy\" decoding=\"async\" width=\"1024\" height=\"683\" src=\"https:\/\/www.indigoloveofreading.org\/wp-content\/uploads\/2025\/05\/Everyone-Welcome-TPPS-2-1024x683.jpg\" alt=\"\" class=\"wp-image-17131 size-full\" srcset=\"https:\/\/www.indigoloveofreading.org\/wp-content\/uploads\/2025\/05\/Everyone-Welcome-TPPS-2-1024x683.jpg 1024w, https:\/\/www.indigoloveofreading.org\/wp-content\/uploads\/2025\/05\/Everyone-Welcome-TPPS-2-300x200.jpg 300w, https:\/\/www.indigoloveofreading.org\/wp-content\/uploads\/2025\/05\/Everyone-Welcome-TPPS-2-768x512.jpg 768w, https:\/\/www.indigoloveofreading.org\/wp-content\/uploads\/2025\/05\/Everyone-Welcome-TPPS-2-120x80.jpg 120w, https:\/\/www.indigoloveofreading.org\/wp-content\/uploads\/2025\/05\/Everyone-Welcome-TPPS-2-50x33.jpg 50w, https:\/\/www.indigoloveofreading.org\/wp-content\/uploads\/2025\/05\/Everyone-Welcome-TPPS-2-1600x1067.jpg 1600w, https:\/\/www.indigoloveofreading.org\/wp-content\/uploads\/2025\/05\/Everyone-Welcome-TPPS-2-1536x1025.jpg 1536w, https:\/\/www.indigoloveofreading.org\/wp-content\/uploads\/2025\/05\/Everyone-Welcome-TPPS-2-2048x1366.jpg 2048w\" sizes=\"auto, (max-width: 1024px) 100vw, 1024px\" \/><\/figure><\/div>\n\n\n\n<hr class=\"wp-block-separator alignwide has-alpha-channel-opacity\"\/>\n\n\n\n<div class=\"wp-block-media-text alignwide is-stacked-on-mobile\" style=\"grid-template-columns:47% auto\"><figure class=\"wp-block-media-text__media\"><img loading=\"lazy\" decoding=\"async\" width=\"415\" height=\"382\" src=\"https:\/\/www.indigoloveofreading.org\/wp-content\/uploads\/2025\/05\/OLeary-option-1.jpg\" alt=\"\" class=\"wp-image-17127 size-full\" srcset=\"https:\/\/www.indigoloveofreading.org\/wp-content\/uploads\/2025\/05\/OLeary-option-1.jpg 415w, https:\/\/www.indigoloveofreading.org\/wp-content\/uploads\/2025\/05\/OLeary-option-1-300x276.jpg 300w, https:\/\/www.indigoloveofreading.org\/wp-content\/uploads\/2025\/05\/OLeary-option-1-50x46.jpg 50w\" sizes=\"auto, (max-width: 415px) 100vw, 415px\" \/><\/figure><div class=\"wp-block-media-text__content\">\n<h6 class=\"wp-block-heading\" style=\"font-size:28px\">O&#8217;Leary Elementary School<\/h6>\n\n\n\n<p>O&#8217;Leary, \u00eele du Prince-\u00c9douard<\/p>\n\n\n\n<p><em>\u00ab Notre biblioth\u00e8que a grandement besoin d\u2019\u00eatre rafra\u00eechie, car cela fait des ann\u00e9es que nous n\u2019avons pas pu acheter de livres pour notre communaut\u00e9 scolaire. En tant qu\u2019\u00e9cole, nous avons vu notre population augmenter consid\u00e9rablement et nous voulons profiter de cette occasion pour d\u00e9velopper l\u2019amour de la lecture chez nos \u00e9l\u00e8ves. La subvention nous permettra d\u2019acheter des livres de qualit\u00e9 et de soutenir la diversit\u00e9 au sein de notre population croissante. Le personnel et les \u00e9l\u00e8ves sont ravis que cette occasion extraordinaire nous soit offerte, car elle fera une \u00e9norme diff\u00e9rence! \u00bb   <\/em>&#8220;<\/p>\n\n\n\n<p>\u2013 David Costello, directeur<\/p>\n<\/div><\/div>\n\n\n\n<hr class=\"wp-block-separator alignwide has-alpha-channel-opacity\"\/>\n\n\n\n<h5 class=\"wp-block-heading\"><strong>B\u00e9n\u00e9ficiaires d\u2019une subvention en 2025<\/strong><\/h5>\n\n\n\n<hr class=\"wp-block-separator alignwide has-alpha-channel-opacity\"\/>\n\n\n\n<div class=\"wp-block-columns alignwide is-layout-flex wp-container-core-columns-is-layout-9d6595d7 wp-block-columns-is-layout-flex\">\n<div class=\"wp-block-column is-layout-flow wp-block-column-is-layout-flow\" style=\"flex-basis:100%\">\n<figure class=\"wp-block-table\"><table><tbody><tr><td><strong>\u00c9cole<\/strong><\/td><td><strong>Ville<\/strong><\/td><td><strong>Province<\/strong><\/td><\/tr><tr><td>Annie Gale School<\/td><td>Calgary<\/td><td>Alberta<\/td><\/tr><tr><td>Beaverlodge Elementary School<\/td><td>Winnipeg<\/td><td>Manitoba<\/td><\/tr><tr><td>Birchland Elementary<\/td><td>Port Coquitlam<\/td><td>Colombie-Britannique<\/td><\/tr><tr><td>Britannia Community Elementary School<\/td><td>Vancouver<\/td><td>Colombie-Britannique<\/td><\/tr><tr><td>Brooke Elementary School<\/td><td>Delta<\/td><td>Colombie-Britannique<\/td><\/tr><tr><td>Brookhaven Public School<\/td><td>Toronto<\/td><td>Ontario<\/td><\/tr><tr><td>Chief Moosomin School<\/td><td>Cochin<\/td><td>Saskatchewan<\/td><\/tr><tr><td>Children&#8217;s World Academy<\/td><td>LaSalle<\/td><td>Qu\u00e9bec<\/td><\/tr><tr><td>Cowan Heights Elementary School<\/td><td>St. John&#8217;s<\/td><td>Terre-Neuve-et-Labrador<\/td><\/tr><tr><td>Eastview Public School<\/td><td>Scarborough<\/td><td>Ontario<\/td><\/tr><tr><td>\u00c9cole Henri-Bergeron<\/td><td>Winnipeg<\/td><td>Manitoba<\/td><\/tr><tr><td>\u00c9cole Les Dunes<\/td><td>Pointe-aux-Outardes<\/td><td>Qu\u00e9bec<\/td><\/tr><tr><td>\u00c9cole Victoria Albert<\/td><td>Winnipeg<\/td><td>Manitoba<\/td><\/tr><tr><td>Edmonton Classical Academy<\/td><td>Edmonton<\/td><td>Alberta<\/td><\/tr><tr><td>Elmwood High School<\/td><td>Winnipeg<\/td><td>Manitoba<\/td><\/tr><tr><td>Fraser Mustard Early Learning Academy<\/td><td>East York<\/td><td>Ontario<\/td><\/tr><tr><td>Harriett Todd Public School<\/td><td>Orillia<\/td><td>Ontario<\/td><\/tr><tr><td>Harry Camsell School<\/td><td>Hay River<\/td><td>Territoires du Nord-Ouest<\/td><\/tr><tr><td>Immaculate Heart of Mary Catholic School<\/td><td>Scarborough<\/td><td>Ontario<\/td><\/tr><tr><td>Inglis Street Elementary School<\/td><td>Halifax<\/td><td>Nouvelle-\u00c9cosse<\/td><\/tr><tr><td>John C. Yesno Education Centre<\/td><td>Eabamet Lake<\/td><td>Ontario<\/td><\/tr><tr><td>King George VI Public School<\/td><td>Chatham<\/td><td>Ontario<\/td><\/tr><tr><td>Manitoba School for the Deaf<\/td><td>Winnipeg<\/td><td>Manitoba<\/td><\/tr><tr><td>Military Trail Public School<\/td><td>Scarborough<\/td><td>Ontario<\/td><\/tr><tr><td>O&#8217;Leary Elementary School<\/td><td>O&#8217;Leary<\/td><td>\u00eele du Prince-\u00c9douard<\/td><\/tr><tr><td>The Journey Neighbourhood Centre<\/td><td>Brampton<\/td><td>Ontario<\/td><\/tr><tr><td>Princess Alexandra School<\/td><td>Hay River<\/td><td>Territoires du Nord-Ouest<\/td><\/tr><tr><td>Rawlinson Community School<\/td><td>Toronto<\/td><td>Ontario<\/td><\/tr><tr><td>Sea View Elementary School<\/td><td>Port Alice<\/td><td>Colombie-Britannique<\/td><\/tr><tr><td>Thorncliffe Park Public School<\/td><td>Toronto<\/td><td>Ontario<\/td><\/tr><tr><td>Uplands Park Elementary School<\/td><td>Nanaimo<\/td><td>Colombie-Britannique<\/td><\/tr><\/tbody><\/table><\/figure>\n\n\n\n<p class=\"has-text-align-center\"><br><\/p>\n<\/div>\n<\/div>\n","protected":false},"excerpt":{"rendered":"<p>La Fondation Indigo pour l\u2019amour de la lecture est d\u00e9termin\u00e9e \u00e0 favoriser la litt\u00e9ratie d\u2019un bout \u00e0 l\u2019autre du pays et \u00e0 s\u2019assurer que les enfants ont acc\u00e8s \u00e0 des livres. Cette ann\u00e9e, des milliers d\u2019\u00e9l\u00e8ves au Canada recevront du soutien essentiel pour d\u00e9velopper leurs comp\u00e9tences en litt\u00e9ratie gr\u00e2ce \u00e0 des subventions du Fonds pour &#8230; <a title=\"B\u00e9n\u00e9ficiaires d\u2019une subvention en 2025\" class=\"read-more\" href=\"https:\/\/www.indigoloveofreading.org\/fr\/subventions\/beneficiaires-dune-subvention-en-2025\/\" aria-label=\"Read more about B\u00e9n\u00e9ficiaires d\u2019une subvention en 2025\">Lire plus<\/a><\/p>\n","protected":false},"author":1485,"featured_media":0,"parent":14470,"menu_order":0,"comment_status":"closed","ping_status":"closed","template":"","meta":{"_acf_changed":false,"inline_featured_image":false,"footnotes":""},"class_list":["post-17176","page","type-page","status-publish"],"acf":[],"_links":{"self":[{"href":"https:\/\/www.indigoloveofreading.org\/fr\/wp-json\/wp\/v2\/pages\/17176","targetHints":{"allow":["GET"]}}],"collection":[{"href":"https:\/\/www.indigoloveofreading.org\/fr\/wp-json\/wp\/v2\/pages"}],"about":[{"href":"https:\/\/www.indigoloveofreading.org\/fr\/wp-json\/wp\/v2\/types\/page"}],"author":[{"embeddable":true,"href":"https:\/\/www.indigoloveofreading.org\/fr\/wp-json\/wp\/v2\/users\/1485"}],"replies":[{"embeddable":true,"href":"https:\/\/www.indigoloveofreading.org\/fr\/wp-json\/wp\/v2\/comments?post=17176"}],"version-history":[{"count":7,"href":"https:\/\/www.indigoloveofreading.org\/fr\/wp-json\/wp\/v2\/pages\/17176\/revisions"}],"predecessor-version":[{"id":17207,"href":"https:\/\/www.indigoloveofreading.org\/fr\/wp-json\/wp\/v2\/pages\/17176\/revisions\/17207"}],"up":[{"embeddable":true,"href":"https:\/\/www.indigoloveofreading.org\/fr\/wp-json\/wp\/v2\/pages\/14470"}],"wp:attachment":[{"href":"https:\/\/www.indigoloveofreading.org\/fr\/wp-json\/wp\/v2\/media?parent=17176"}],"curies":[{"name":"wp","href":"https:\/\/api.w.org\/{rel}","templated":true}]}}