{"id":2623,"date":"2018-11-08T17:21:03","date_gmt":"2018-11-08T22:21:03","guid":{"rendered":"https:\/\/www.indigoloveofreading.org\/adoptaschool\/"},"modified":"2026-01-29T02:18:58","modified_gmt":"2026-01-29T07:18:58","slug":"adoptez-une-ecole","status":"publish","type":"page","link":"https:\/\/www.indigoloveofreading.org\/fr\/subventions\/adoptez-une-ecole\/","title":{"rendered":"Programme de collecte de fonds et de subventions Adoptez une \u00e9cole\u00a02025"},"content":{"rendered":"<div class=\"gb-grid-wrapper gb-grid-wrapper-bb23f14e\">\n<div class=\"gb-grid-column gb-grid-column-9673f907\"><div class=\"gb-container gb-container-9673f907\">\n<style>.wp-block-kadence-column.kb-section-dir-horizontal > .kt-inside-inner-col > .kt-info-box2623_ed415b-e7 .kt-blocks-info-box-link-wrap{max-width:unset;}.kt-info-box2623_ed415b-e7 .kt-blocks-info-box-link-wrap{border-top:5px solid var(--button-color);border-right:5px solid var(--button-color);border-bottom:5px solid var(--button-color);border-left:5px solid var(--button-color);border-top-left-radius:30px;border-top-right-radius:30px;border-bottom-right-radius:30px;border-bottom-left-radius:30px;background:var(--base-3);padding-top:var(--global-kb-spacing-xs, 1rem);padding-right:var(--global-kb-spacing-xs, 1rem);padding-bottom:var(--global-kb-spacing-xs, 1rem);padding-left:var(--global-kb-spacing-xs, 1rem);margin-bottom:var(--global-kb-spacing-xs, 1rem);}.kt-info-box2623_ed415b-e7 .kadence-info-box-icon-container .kt-info-svg-icon, .kt-info-box2623_ed415b-e7 .kt-info-svg-icon-flip, .kt-info-box2623_ed415b-e7 .kt-blocks-info-box-number{font-size:50px;}.kt-info-box2623_ed415b-e7 .kt-blocks-info-box-media{color:var(--contrast-2);border-color:#444444;border-radius:200px;overflow:hidden;border-top-width:0px;border-right-width:0px;border-bottom-width:0px;border-left-width:0px;padding-top:20px;padding-right:20px;padding-bottom:20px;padding-left:20px;margin-top:0px;margin-right:20px;margin-bottom:0px;margin-left:0px;}.kt-info-box2623_ed415b-e7 .kt-blocks-info-box-media .kadence-info-box-image-intrisic img{border-radius:200px;}.kt-info-box2623_ed415b-e7 .kt-infobox-textcontent h2.kt-blocks-info-box-title{padding-top:0px;padding-right:0px;padding-bottom:0px;padding-left:0px;margin-top:5px;margin-right:0px;margin-bottom:10px;margin-left:0px;}.kt-info-box2623_ed415b-e7 .kt-blocks-info-box-learnmore{background:transparent;border-width:0px 0px 0px 0px;padding-top:4px;padding-right:8px;padding-bottom:4px;padding-left:8px;margin-top:10px;margin-right:0px;margin-bottom:10px;margin-left:0px;}@media all and (max-width: 1024px){.kt-info-box2623_ed415b-e7 .kt-blocks-info-box-link-wrap{border-top:5px solid var(--button-color);border-right:5px solid var(--button-color);border-bottom:5px solid var(--button-color);border-left:5px solid var(--button-color);}}@media all and (max-width: 767px){.kt-info-box2623_ed415b-e7 .kt-blocks-info-box-link-wrap{border-top:5px solid var(--button-color);border-right:5px solid var(--button-color);border-bottom:5px solid var(--button-color);border-left:5px solid var(--button-color);}}<\/style>\n<div class=\"wp-block-kadence-infobox kt-info-box2623_ed415b-e7\"><span class=\"kt-blocks-info-box-link-wrap info-box-link kt-blocks-info-box-media-align-left kt-info-halign-left\"><div class=\"kt-blocks-info-box-media-container\"><div class=\"kt-blocks-info-box-media kt-info-media-animate-none\"><div class=\"kadence-info-box-icon-container kt-info-icon-animate-none\"><div class=\"kadence-info-box-icon-inner-container\"><span class=\"kb-svg-icon-wrap kb-svg-icon-fe_edit3 kt-info-svg-icon\"><svg viewBox=\"0 0 24 24\"  fill=\"none\" stroke=\"currentColor\" stroke-width=\"2\" stroke-linecap=\"round\" stroke-linejoin=\"round\" xmlns=\"http:\/\/www.w3.org\/2000\/svg\"  aria-hidden=\"true\"><polygon points=\"14 2 18 6 7 17 3 17 3 13 14 2\"\/><line x1=\"3\" y1=\"22\" x2=\"21\" y2=\"22\"\/><\/svg><\/span><\/div><\/div><\/div><\/div><div class=\"kt-infobox-textcontent\"><h2 class=\"kt-blocks-info-box-title\">Les candidatures pour 2026 ouvriront le 1er f\u00e9vrier.<\/h2><p class=\"kt-blocks-info-box-text\">Les candidates et candidats doivent remplir et soumettre leur formulaire de candidature en ligne au plus tard le 28 f\u00e9vrier 2026 \u00e0 23 h 59 (HE) via notre portail de candidature : <strong>grants.indigoloveofreading.org<\/strong>.<\/p><\/div><\/span><\/div>\n\n\n\n<p>Ce programme est une campagne de collecte de fonds et de subventions men\u00e9e en partenariat avec les magasins Indigo, Coles, Chapters et IndigoSpirit dans le but de recueillir des fonds pour appuyer la litt\u00e9ratie dans les \u00e9coles au Canada. Ce qui rend ce programme si unique, c\u2019est le fait que la totalit\u00e9 des dons recueillis par chaque magasin est remise \u00e0 leurs \u00e9coles partenaires pour l\u2019achat de nouveaux livres et mat\u00e9riel de litt\u00e9ratie pour la biblioth\u00e8que de l\u2019\u00e9cole et les biblioth\u00e8ques de classe.<\/p>\n\n\n\n<p><\/p>\n\n<\/div><\/div>\n<\/div>\n\n\n<hr class=\"wp-block-separator has-alpha-channel-opacity\"\/>\n\n\n<style>.kb-image2623_13541a-3b.kb-image-is-ratio-size, .kb-image2623_13541a-3b .kb-image-is-ratio-size{max-width:1240px;width:100%;}.wp-block-kadence-column > .kt-inside-inner-col > .kb-image2623_13541a-3b.kb-image-is-ratio-size, .wp-block-kadence-column > .kt-inside-inner-col > .kb-image2623_13541a-3b .kb-image-is-ratio-size{align-self:unset;}.kb-image2623_13541a-3b figure{max-width:1240px;}.kb-image2623_13541a-3b .image-is-svg, .kb-image2623_13541a-3b .image-is-svg img{width:100%;}.kb-image2623_13541a-3b .kb-image-has-overlay:after{opacity:0.3;}<\/style>\n<div class=\"wp-block-kadence-image kb-image2623_13541a-3b\"><figure class=\"aligncenter size-large\"><img loading=\"lazy\" decoding=\"async\" width=\"1024\" height=\"398\" src=\"https:\/\/www.indigoloveofreading.org\/wp-content\/uploads\/2021\/09\/ILOR-AAS_MAIN_1882x732-1024x398.png\" alt=\"Adopt a school\" class=\"kb-img wp-image-14622\" srcset=\"https:\/\/www.indigoloveofreading.org\/wp-content\/uploads\/2021\/09\/ILOR-AAS_MAIN_1882x732-1024x398.png 1024w, https:\/\/www.indigoloveofreading.org\/wp-content\/uploads\/2021\/09\/ILOR-AAS_MAIN_1882x732-300x117.png 300w, https:\/\/www.indigoloveofreading.org\/wp-content\/uploads\/2021\/09\/ILOR-AAS_MAIN_1882x732-768x299.png 768w, https:\/\/www.indigoloveofreading.org\/wp-content\/uploads\/2021\/09\/ILOR-AAS_MAIN_1882x732-1536x597.png 1536w, https:\/\/www.indigoloveofreading.org\/wp-content\/uploads\/2021\/09\/ILOR-AAS_MAIN_1882x732-386x150.png 386w, https:\/\/www.indigoloveofreading.org\/wp-content\/uploads\/2021\/09\/ILOR-AAS_MAIN_1882x732-309x120.png 309w, https:\/\/www.indigoloveofreading.org\/wp-content\/uploads\/2021\/09\/ILOR-AAS_MAIN_1882x732.png 1883w\" sizes=\"auto, (max-width: 1024px) 100vw, 1024px\" \/><\/figure><\/div>\n\n\n\n<h2 class=\"wp-block-heading\">Pourquoi apportons-nous du soutien aux biblioth\u00e8ques scolaires?<\/h2>\n\n\n\n<ul class=\"wp-block-list\">\n<li><strong>Acc\u00e8s \u00e9quitable&nbsp;:<\/strong> Les enfants habitant dans des communaut\u00e9s d\u00e9favoris\u00e9es doivent souvent se fier \u00e0 la biblioth\u00e8que de leur classe et de l\u2019\u00e9cole pour acc\u00e9der \u00e0 de nouveaux livres et \u00e0 des livres refl\u00e9tant la diversit\u00e9.<\/li>\n\n\n\n<li><strong>R\u00e9ussite scolaire&nbsp;:<\/strong> Des \u00e9tudes confirment constamment que les \u00e9l\u00e8ves des \u00e9coles poss\u00e9dant une biblioth\u00e8que bien pourvue en personnel et en livres et bien financ\u00e9e ont des <a href=\"https:\/\/accessola.com\/wp-content\/uploads\/2020\/08\/2006-SchoolLibrariesStudentAchievementOntario.pdf\">notes de 10&nbsp;% \u00e0 25&nbsp;% plus \u00e9lev\u00e9es dans les tests standardis\u00e9s<\/a> que les \u00e9l\u00e8ves qui vont dans des \u00e9coles avec des biblioth\u00e8ques manquant de ressources.<\/li>\n\n\n\n<li><strong>Diversit\u00e9 et inclusion&nbsp;:<\/strong> Remplir les \u00e9coles de livres neufs et vari\u00e9s signifie que les \u00e9l\u00e8ves ont acc\u00e8s \u00e0 des histoires qui refl\u00e8tent leur propre identit\u00e9 et qui leur permettent de voir le monde sous un angle plus large. L\u2019<a href=\"https:\/\/www.ala.org\/alsc\/sites\/ala.org.alsc\/files\/content\/ALSCwhitepaper_importance%20of%20diversity_with%20graphics_FINAL.pdf\">Association for Library Service to Children<\/a> sugg\u00e8re que \u00ab&nbsp;<em>en incluant la diversit\u00e9 dans ses programmes et ses collections, la biblioth\u00e8que peut aider les enfants \u00e0 faire des liens interculturels et \u00e0 d\u00e9velopper les comp\u00e9tences n\u00e9cessaires pour fonctionner dans une soci\u00e9t\u00e9 pluriculturelle<\/em>.&nbsp;\u00bb<\/li>\n<\/ul>\n\n\n\n<p>Si votre \u00e9cole souhaite poser sa candidature pour entrer en partenariat avec un magasin, veuillez lire les crit\u00e8res d\u2019admissibilit\u00e9 et les renseignements ci-dessous. La date limite pour poser votre candidature est le <strong>28&nbsp;f\u00e9vrier&nbsp;2025 \u00e0 23&nbsp;h&nbsp;59 (HE)<\/strong>.<\/p>\n\n\n\n<p>\u00c0 noter&nbsp;: Les \u00e9coles qui ont pos\u00e9 leur candidature au programme de subventions du Fonds pour la litt\u00e9ratie&nbsp;2024 et qui ont indiqu\u00e9 qu\u2019elles aimeraient aussi participer au programme Adoptez une \u00e9cole n\u2019ont pas \u00e0 soumettre un autre dossier de candidature.<\/p>\n\n\n\n<hr class=\"wp-block-separator has-alpha-channel-opacity\"\/>\n\n\n\n<h3 class=\"wp-block-heading\"><strong>Crit\u00e8res d\u2019admissibilit\u00e9<\/strong><\/h3>\n\n\n\n<p>Pour \u00eatre admissible au programme Adoptez une \u00e9cole, l\u2019\u00e9cole candidate doit&nbsp;:<\/p>\n\n\n\n<ul class=\"wp-block-list\">\n<li>recevoir au moins 80&nbsp;% de son financement du gouvernement provincial ou f\u00e9d\u00e9ral;<\/li>\n\n\n\n<li>d\u00e9montrer ses besoins financiers;<\/li>\n\n\n\n<li>servir des \u00e9l\u00e8ves du primaire (de la maternelle \u00e0 la 8<sup>e<\/sup>&nbsp;ann\u00e9e ou secondaire&nbsp;2);<\/li>\n\n\n\n<li>d\u00e9montrer un grand engagement envers la litt\u00e9ratie.<\/li>\n<\/ul>\n\n\n\n<p><strong><em>\u00c0 noter&nbsp;:<\/em><\/strong><em> Les \u00e9coles qui re\u00e7oivent actuellement une subvention du Fonds pour la litt\u00e9ratie de la Fondation Indigo pour l\u2019amour de la lecture ne sont pas admissibles \u00e0 recevoir une subvention dans le cadre du programme Adoptez une \u00e9cole. Par contre, les \u00e9coles qui ont re\u00e7u une subvention du programme Adoptez une \u00e9cole dans le pass\u00e9 peuvent poser leur candidature de nouveau. Cependant, la priorit\u00e9 sera donn\u00e9e aux \u00e9coles candidates qui n\u2019en ont jamais re\u00e7u, afin que ces ressources profitent au plus grand nombre d\u2019enfants possible.<\/em><\/p>\n\n\n\n<hr class=\"wp-block-separator has-alpha-channel-opacity\"\/>\n\n\n\n<h2 class=\"wp-block-heading\">Processus de demande<\/h2>\n\n\n\n<p><strong>\u00c9tape&nbsp;1&nbsp;:<\/strong> T\u00e9l\u00e9chargez la <a href=\"https:\/\/www.indigoloveofreading.org\/wp-content\/uploads\/2021\/04\/2024_Adopt_a_School_Application_Worksheet_FR_2_5_24.docx\">feuille de travail du dossier de candidature<\/a> et utilisez-la pour faire une premi\u00e8re \u00e9bauche de vos r\u00e9ponses.<\/p>\n\n\n\n<p><em>Veuillez noter que vous ne pouvez pas t\u00e9l\u00e9verser cette feuille de travail dans notre portail en ligne ni nous l\u2019envoyer par courriel \u00e0 titre de demande officielle. Vous devez entrer toutes vos r\u00e9ponses directement dans notre formulaire de demande en ligne.<\/em><\/p>\n\n\n\n<p><strong>\u00c9tape&nbsp;2&nbsp;:<\/strong> Lorsque vos r\u00e9ponses sont pr\u00eates, remplissez et envoyez le <a href=\"https:\/\/indigoloveofreading.ca.optimytool.com\/fr\/\">formulaire de candidature en ligne<\/a> avant la fin de la journ\u00e9e le <strong>28&nbsp;f\u00e9vrier&nbsp;2025 \u00e0 23&nbsp;h&nbsp;59 (HE)<\/strong>.<br><\/p>\n\n\n\n<h2 class=\"wp-block-heading\">Processus de demande<\/h2>\n\n\n\n<ul class=\"wp-block-list\">\n<li>Vous serez avis\u00e9 au <strong>d\u00e9but avril<\/strong> de l\u2019\u00e9tat de votre demande. Si votre \u00e9cole est s\u00e9lectionn\u00e9e pour participer au programme, nous enverrons une entente de participation \u00e0 votre directeur ou directrice.<\/li>\n\n\n\n<li>Les \u00e9coles s\u00e9lectionn\u00e9es recevront les fonds recueillis en leur nom environ 2 \u00e0 3&nbsp;semaines apr\u00e8s la fin de la p\u00e9riode de collecte de fonds et devront r\u00e9pondre \u00e0 deux&nbsp;sondages sur les effets de la collecte de fonds sur leurs \u00e9l\u00e8ves d\u2019ici la fin de l\u2019ann\u00e9e scolaire. D\u2019autres renseignements sur la distribution des fonds et sur le signalement des effets vous seront fournis si votre candidature est retenue.<\/li>\n<\/ul>\n\n\n\n<p><\/p>\n","protected":false},"excerpt":{"rendered":"<p>Pourquoi apportons-nous du soutien aux biblioth\u00e8ques scolaires? Si votre \u00e9cole souhaite poser sa candidature pour entrer en partenariat avec un magasin, veuillez lire les crit\u00e8res d\u2019admissibilit\u00e9 et les renseignements ci-dessous. La date limite pour poser votre candidature est le 28&nbsp;f\u00e9vrier&nbsp;2025 \u00e0 23&nbsp;h&nbsp;59 (HE). \u00c0 noter&nbsp;: Les \u00e9coles qui ont pos\u00e9 leur candidature au programme de &#8230; <a title=\"Programme de collecte de fonds et de subventions Adoptez une \u00e9cole\u00a02025\" class=\"read-more\" href=\"https:\/\/www.indigoloveofreading.org\/fr\/subventions\/adoptez-une-ecole\/\" aria-label=\"Read more about Programme de collecte de fonds et de subventions Adoptez une \u00e9cole\u00a02025\">Lire plus<\/a><\/p>\n","protected":false},"author":990,"featured_media":0,"parent":14470,"menu_order":0,"comment_status":"closed","ping_status":"closed","template":"","meta":{"_acf_changed":false,"inline_featured_image":false,"footnotes":""},"class_list":["post-2623","page","type-page","status-publish"],"acf":[],"_links":{"self":[{"href":"https:\/\/www.indigoloveofreading.org\/fr\/wp-json\/wp\/v2\/pages\/2623","targetHints":{"allow":["GET"]}}],"collection":[{"href":"https:\/\/www.indigoloveofreading.org\/fr\/wp-json\/wp\/v2\/pages"}],"about":[{"href":"https:\/\/www.indigoloveofreading.org\/fr\/wp-json\/wp\/v2\/types\/page"}],"author":[{"embeddable":true,"href":"https:\/\/www.indigoloveofreading.org\/fr\/wp-json\/wp\/v2\/users\/990"}],"replies":[{"embeddable":true,"href":"https:\/\/www.indigoloveofreading.org\/fr\/wp-json\/wp\/v2\/comments?post=2623"}],"version-history":[{"count":38,"href":"https:\/\/www.indigoloveofreading.org\/fr\/wp-json\/wp\/v2\/pages\/2623\/revisions"}],"predecessor-version":[{"id":17498,"href":"https:\/\/www.indigoloveofreading.org\/fr\/wp-json\/wp\/v2\/pages\/2623\/revisions\/17498"}],"up":[{"embeddable":true,"href":"https:\/\/www.indigoloveofreading.org\/fr\/wp-json\/wp\/v2\/pages\/14470"}],"wp:attachment":[{"href":"https:\/\/www.indigoloveofreading.org\/fr\/wp-json\/wp\/v2\/media?parent=2623"}],"curies":[{"name":"wp","href":"https:\/\/api.w.org\/{rel}","templated":true}]}}