{"id":755,"date":"2019-01-28T11:50:17","date_gmt":"2019-01-28T16:50:17","guid":{"rendered":"https:\/\/www.indigoloveofreading.org\/?page_id=755"},"modified":"2019-08-16T15:51:16","modified_gmt":"2019-08-16T19:51:16","slug":"conditions-dutilisation-du-site-web","status":"publish","type":"page","link":"https:\/\/www.indigoloveofreading.org\/fr\/conditions-dutilisation-du-site-web\/","title":{"rendered":"Conditions d&#8217;utilisation du site web"},"content":{"rendered":"<h2><strong>CONDITIONS D\u2019UTILISATION DU SITE WEB<\/strong><\/h2>\n<p>Le site Web loveofreading.org et son contenu (le \u00ab\u00a0site\u00a0\u00bb) sont d\u00e9tenus et exploit\u00e9s par la Fondation Indigo pour l\u2019amour de la lecture (la \u00ab\u00a0Fondation\u00a0\u00bb).<\/p>\n<ol>\n<li><strong>Conditions\u00a0<\/strong><\/li>\n<\/ol>\n<p>En acc\u00e9dant \u00e0 ce site, vous reconnaissez avoir lu et compris les pr\u00e9sentes conditions d\u2019utilisation, y compris notre politique de confidentialit\u00e9, et acceptez d\u2019\u00eatre li\u00e9 par elles. Si vous n\u2019\u00eates pas d\u2019accord avec les pr\u00e9sentes conditions dans leur int\u00e9gralit\u00e9, veuillez ne pas utiliser ce site. La Fondation se r\u00e9serve le droit, \u00e0 sa seule discr\u00e9tion, de mettre \u00e0 jour et de modifier les pr\u00e9sentes conditions; lorsque vous utilisez ce site, vous acceptez donc d\u2019\u00eatre li\u00e9 par ces modifications et de vous y conformer. Derni\u00e8re mise \u00e0 jour des pr\u00e9sentes conditions d\u2019utilisation\u00a0: le 9\u00a0janvier\u00a02019.<\/p>\n<ol start=\"2\">\n<li><strong>Politique de confidentialit\u00e9<\/strong><\/li>\n<\/ol>\n<p>Nous savons que la confidentialit\u00e9 de vos renseignements personnels vous tient \u00e0 c\u0153ur. Veuillez consulter notre Politique de confidentialit\u00e9 pour savoir comment nous recueillons, utilisons, divulguons et g\u00e9rons vos renseignements personnels.<\/p>\n<ol start=\"3\">\n<li><strong>Surveillance\u00a0<\/strong><\/li>\n<\/ol>\n<p>La Fondation d\u00e9sire s\u2019assurer que le site est un environnement agr\u00e9able et s\u00fbr pour les \u00e9l\u00e8ves, leur famille, leurs amis ainsi que les visiteurs en g\u00e9n\u00e9ral qui se soucient de la litt\u00e9ratie au Canada. Le site fait l\u2019objet d\u2019une surveillance de la part de la Fondation, mais pas constante, pour y rep\u00e9rer les commentaires et les noms d\u2019utilisateurs inappropri\u00e9s, ainsi que pour r\u00e9pondre aux questions et aux demandes envoy\u00e9es par l\u2019interm\u00e9diaire du site.<\/p>\n<p>Bien que le site soit surveill\u00e9, il est tout de m\u00eame possible que vous y trouviez du contenu que vous jugez choquant ou inacceptable. Si vous estimez que du contenu, y compris un commentaire publi\u00e9 sur le babillard, est inconvenant ou choquant, veuillez nous le faire savoir en suivant les instructions expliqu\u00e9es \u00e0 la section\u00a06 ci-dessous.<\/p>\n<p>Nous ne sommes pas responsables du mat\u00e9riel soumis ou publi\u00e9 sur le site, y compris le mat\u00e9riel publi\u00e9 dans les blogues ou les autres sections publiques. Vous reconnaissez que la Fondation peut ou non filtrer le contenu au pr\u00e9alable, et que ses d\u00e9l\u00e9gu\u00e9s ont le droit, \u00e0 leur seule discr\u00e9tion et sans pr\u00e9avis, de refuser ou de supprimer tout contenu ou commentaire qui ne respecte pas les pr\u00e9sentes conditions d\u2019utilisation ou qui est jug\u00e9 inconvenant. La Fondation se r\u00e9serve le droit de divulguer des renseignements conform\u00e9ment \u00e0 sa politique de confidentialit\u00e9.<\/p>\n<ol start=\"4\">\n<li><strong>Restrictions g\u00e9n\u00e9rales<\/strong><\/li>\n<\/ol>\n<ul>\n<li>Vous pouvez utiliser ce site seulement \u00e0 titre informatif ou \u00e0 des fins de divertissement. Il est interdit de l\u2019utiliser \u00e0 des fins commerciales.<\/li>\n<li>Vous ne pouvez pas copier, reproduire, r\u00e9utiliser, retransmettre, adapter, publier, encadrer, t\u00e9l\u00e9verser, modifier, diffuser ou distribuer quelque contenu que ce soit, y compris \u00e0 des fins publiques ou commerciales, sans d\u2019abord avoir obtenu notre permission par \u00e9crit.<\/li>\n<li>Vous ne pouvez pas utiliser l\u2019image, le nom ou la propri\u00e9t\u00e9 d\u2019autrui sans avoir obtenu sa permission expresse.<\/li>\n<li>Vous ne pouvez envoyer au site aucun mat\u00e9riel qui soit ill\u00e9gal, nuisible (y compris des virus), mena\u00e7ant, calomnieux, diffamatoire, obsc\u00e8ne, scandaleux, incendiaire, ind\u00e9cent ou vulgaire; qui constitue une infraction \u00e0 la loi ou qui encourage \u00e0 enfreindre la loi.<\/li>\n<li>La Fondation peut r\u00e9viser, modifier ou supprimer tout mat\u00e9riel envoy\u00e9 au site, mais n\u2019a pas l\u2019obligation de le faire.<\/li>\n<li>La Fondation peut annuler n\u2019importe quel compte de ce site \u00e0 tout moment, sans pr\u00e9avis et sans engager sa responsabilit\u00e9, pour quelque raison que ce soit, y compris (mais sans s\u2019y limiter) en cas de probl\u00e8mes techniques, d\u2019irr\u00e9gularit\u00e9s ou de mauvaise utilisation.<\/li>\n<\/ul>\n<ol start=\"5\">\n<li><strong>Code de conduite des utilisateurs du site<\/strong><\/li>\n<\/ol>\n<p>Les utilisateurs qui envoient \u00e0 la Fondation des renseignements, du texte, des images, des fichiers audio ou vid\u00e9o, des concepts, des noms, des logos, des marques de commerce, des donn\u00e9es ainsi que toute autre information, tout autre mat\u00e9riel ou tout autre contenu, que ce soit par une publication publique ou priv\u00e9e, par courriel, par t\u00e9l\u00e9versement ou par tout autre moyen, sur ce site ou sur l\u2019un des m\u00e9dias sociaux de la Fondation (le \u00ab\u00a0contenu soumis\u00a0\u00bb), sont enti\u00e8rement responsables du contenu soumis. Le contenu ainsi soumis est sujet aux clauses de ces conditions d\u2019utilisation. Vous reconnaissez et acceptez l\u2019enti\u00e8re responsabilit\u00e9 de tout contenu que vous soumettez sur ce site (publications, courriels, transmissions, t\u00e9l\u00e9versements, etc.) ou dans le cadre des services que nous offrons sur ce site (les \u00ab\u00a0services\u00a0\u00bb), y compris (mais sans s\u2019y limiter) de l\u2019exactitude du contenu soumis. Nous ne surveillons pas le contenu soumis sur le site et ne pouvons donc pas en garantir l\u2019exactitude, l\u2019int\u00e9grit\u00e9 ou la qualit\u00e9. La Fondation ne sera en aucun cas tenue responsable des pertes, des dommages ou des blessures li\u00e9s au contenu (incluant le contenu soumis), y compris (mais sans s\u2019y limiter) aux erreurs ou aux omissions, ou d\u00e9coulant de l\u2019utilisation du contenu soumis (publications, courriels, transmissions, t\u00e9l\u00e9versements, etc.).<\/p>\n<p>Vous vous engagez \u00e0 ne pas publier, envoyer par courriel, t\u00e9l\u00e9verser, transmettre ou soumettre par quelque moyen que ce soit du contenu qui\u00a0:<\/p>\n<ol>\n<li>peut \u00eatre nuisible, mena\u00e7ant, diffamatoire, injurieux, provocateur, harcelant, intimidant, vulgaire, obsc\u00e8ne, haineux, raciste, x\u00e9nophobe ou autrement r\u00e9pr\u00e9hensible et qui, selon le seul jugement de la Fondation, est inacceptable, emp\u00eache toute autre personne d\u2019utiliser le site ou d\u2019en profiter, limite l\u2019utilisation du site ou pourrait exposer la Fondation ou ses utilisateurs \u00e0 des dommages ou responsabilit\u00e9s, de quelque nature que ce soit;<\/li>\n<li>peut \u00eatre dangereux pour les mineurs;<\/li>\n<li>contient vos renseignements personnels ou confidentiels ou ceux d\u2019autres personnes, y compris (mais sans s\u2019y limiter) les noms, pr\u00e9noms, adresses, num\u00e9ros de t\u00e9l\u00e9phone, adresses de courriel, num\u00e9ros d\u2019assurance sociale et num\u00e9ros de carte de cr\u00e9dit;<\/li>\n<li>enfreint les droits de propri\u00e9t\u00e9 intellectuelle ou tout autre droit de toute entit\u00e9 ou personne, y compris (mais sans s\u2019y limiter) les droits d\u2019auteur ou les marques de commerce;<\/li>\n<li>contrevient \u00e0 une loi;<\/li>\n<li>contient de l\u2019information fausse, trompeuse ou pr\u00f4nant des activit\u00e9s ill\u00e9gales;<\/li>\n<li>sollicite les mots de passe ou les renseignements d\u2019identification d\u2019autres utilisateurs \u00e0 des fins commerciales ou ill\u00e9gales;<\/li>\n<li>fait la publicit\u00e9 de biens ou de services ou sollicite de tels biens ou services au-del\u00e0 des initiatives de collecte de fonds d\u00e9crites sur le site;<\/li>\n<li>contient un virus ou un autre \u00e9l\u00e9ment nuisible;<\/li>\n<li>donne lieu \u00e0 la transmission de pourriels, de cha\u00eenes de courriels ou d\u2019autres publipostages ou envois massifs non d\u00e9sir\u00e9s;<\/li>\n<li>ne correspond pas \u00e0 l\u2019image de marque de la Fondation, telle que d\u00e9termin\u00e9e exclusivement par la Fondation.<\/li>\n<\/ol>\n<p>La Fondation a le droit, \u00e0 sa seule discr\u00e9tion, de supprimer tout contenu qui ne respecte pas les pr\u00e9sentes conditions d\u2019utilisation ou qui est jug\u00e9 inconvenant.<\/p>\n<ol start=\"6\">\n<li><strong>\u00c9cart de conduite des utilisateurs &#8211; Contenu inappropri\u00e9, Violation du droit d&#8217;auteur, Etc.\u00a0<\/strong><\/li>\n<\/ol>\n<p>Comme il est indiqu\u00e9 pr\u00e9c\u00e9demment, la Fondation interdit la publication de toute information ou de tout mat\u00e9riel qui enfreint le code de conduite des utilisateurs \u00e9nonc\u00e9 ci-dessus. La politique de la Fondation consiste \u00e0 enqu\u00eater et \u00e0 intervenir dans les cas d\u2019all\u00e9gation d\u2019\u00e9cart de conduite, portant entre autres sur la violation de la propri\u00e9t\u00e9 intellectuelle. D\u00e8s r\u00e9ception d\u2019un avis all\u00e9guant un \u00e9cart de conduite ou une infraction, la Fondation agira promptement pour retirer ou d\u00e9sactiver l\u2019acc\u00e8s \u00e0 tout mat\u00e9riel signal\u00e9 comme \u00e9tant inappropri\u00e9 ou comme faisant l\u2019objet d\u2019activit\u00e9s illicites, ainsi que de retirer ou d\u00e9sactiver l\u2019acc\u00e8s \u00e0 toute r\u00e9f\u00e9rence ou \u00e0 tout lien \u00e0 l\u2019\u00e9gard dudit mat\u00e9riel.<\/p>\n<p>Les avis doivent \u00eatre envoy\u00e9s \u00e0\u00a0:<\/p>\n<p>Privacy Office, Indigo Love of Reading Foundation<br \/>\n620 King St West, Suite 400<br \/>\nToronto (Ontario) M5V 1M5<br \/>\nCourriel\u00a0: loveofreading@indigo.ca<\/p>\n<p>Veuillez indiquer \u00ab\u00a0\u00c9cart de conduite d\u2019un utilisateur\u00a0\u00bb dans le champ \u00ab\u00a0Objet\u00a0\u00bb de l\u2019avis. Dans le corps de l\u2019avis, veuillez fournir une description raisonnable du mat\u00e9riel pr\u00e9sum\u00e9 comme \u00e9tant non autoris\u00e9 et indiquer les droits de propri\u00e9t\u00e9 qui ont \u00e9t\u00e9 viol\u00e9s selon vous. Vous pouvez \u00e9galement signaler les commentaires inappropri\u00e9s. Cela acc\u00e9l\u00e9rera leur examen par un administrateur, qui pourra alors choisir de ne rien faire ou bien de modifier ou de supprimer lesdits commentaires.<\/p>\n<ol start=\"7\">\n<li><strong>Utilisation du mat\u00e9riel\u00a0<\/strong><\/li>\n<\/ol>\n<p>Sauf indication contraire, tout le contenu figurant sur ce site est la propri\u00e9t\u00e9 de la Fondation ainsi que de ses soci\u00e9t\u00e9s m\u00e8res, filiales ou soci\u00e9t\u00e9s affili\u00e9es, et est prot\u00e9g\u00e9, sans limitation, par les lois canadiennes et \u00e9trang\u00e8res sur le droit d\u2019auteur et les marques de commerce. Les renseignements et le mat\u00e9riel figurant sur ce site, y compris les textes, les images, les donn\u00e9es audio et vid\u00e9o, les codes informatiques et les logiciels sont pr\u00e9sent\u00e9s pour votre utilisation personnelle seulement, l\u2019utilisation commerciale \u00e9tant interdite. La copie de ce mat\u00e9riel \u00e0 des fins autres que votre utilisation personnelle constitue une violation des lois sur le droit d\u2019auteur et les marques de commerce. Il vous est interdit de reproduire, de distribuer ou de modifier de quelque fa\u00e7on que ce soit le mat\u00e9riel accessible sur ce site sans avoir d\u2019abord obtenu l\u2019autorisation \u00e9crite de la Fondation. La mauvaise utilisation des renseignements figurant sur ce site peut enfreindre les lois sur le droit d\u2019auteur et les marques de commerce.<\/p>\n<ol start=\"8\">\n<li><strong>Dons<\/strong><\/li>\n<\/ol>\n<p>Nous nous engageons \u00e0 respecter toutes les lois et tous les r\u00e8glements de l\u2019Agence du revenu du Canada en ce qui concerne l\u2019\u00e9mission de re\u00e7us officiels. Votre don est important. Les dons ne sont pas transf\u00e9rables, et il revient \u00e0 la Fondation, \u00e0 sa seule et enti\u00e8re discr\u00e9tion, d\u2019accepter ou non les demandes de remboursement.<\/p>\n<ol start=\"9\">\n<li><strong>Limitation de responsabilit\u00e9\u00a0<\/strong><\/li>\n<\/ol>\n<p>LA FONDATION (1) NE PEUT \u00caTRE EN AUCUN CAS TENUE RESPONSABLE DE VOTRE UTILISATION DE CE SITE ET NE FAIT AUCUNE ASSERTION NI NE DONNE AUCUNE CONDITION OU GARANTIE, EXPRESSE OU TACITE, AU SUJET DES RENSEIGNEMENTS ET DU MAT\u00c9RIEL FIGURANT SUR CE SITE, LESQUELS SONT FOURNIS \u00ab\u00a0EN L\u2019\u00c9TAT\u00a0\u00bb; (2) D\u00c9CLINE TOUTE GARANTIE EXPRESSE OU TACITE, Y COMPRIS (MAIS SANS S\u2019Y LIMITER) LES GARANTIES IMPLICITES DE QUALIT\u00c9 MARCHANDE ET D\u2019ADAPTATION \u00c0 UN USAGE PARTICULIER; (3) NE FAIT AUCUNE ASSERTION QUE CE SITE OU SON CONTENU EST EXEMPT D\u2019ERREURS OU QUE LES D\u00c9FAUTS SERONT CORRIG\u00c9S. LA FONDATION ET SES SOCI\u00c9T\u00c9S AFFILI\u00c9ES NE SAURAIENT EN AUCUN CAS, Y COMPRIS LA N\u00c9GLIGENCE, \u00caTRE TENUES RESPONSABLES DE QUELQUES DOMMAGE ET D\u00c9PENSE DIRECTS, INDIRECTS, PARTICULIERS OU CONS\u00c9CUTIFS QUE CE SOIT, D\u00c9COULANT DE L\u2019UTILISATION DE CE SITE OU DE TOUT MAT\u00c9RIEL QU\u2019IL CONTIENT, M\u00caME SI ELLES ONT \u00c9T\u00c9 INFORM\u00c9ES DE LA POSSIBILIT\u00c9 DE TELS DOMMAGES.<\/p>\n<ol start=\"10\">\n<li><strong>Licence pour le contenu soumis<\/strong><\/li>\n<\/ol>\n<p>Vous convenez que lorsque vous publiez du contenu, envoyez des courriels, entrez des donn\u00e9es, r\u00e9pondez \u00e0 des questions, t\u00e9l\u00e9versez des donn\u00e9es ou des fichiers sur le site ou communiquez avec la Fondation (contenu soumis), vous accordez \u00e0 perp\u00e9tuit\u00e9 \u00e0 la Fondation l\u2019autorisation non exclusive, mondiale, libre de redevances, irr\u00e9vocable et sans restriction d\u2019utiliser, de vendre, d\u2019afficher, d\u2019adapter, de modifier, de transformer, de traduire, de r\u00e9aliser, de publier et de reproduire le contenu soumis; d\u2019accorder des licences ou des sous-licences pour le contenu soumis; de pr\u00e9parer des d\u00e9riv\u00e9s ou des combinaisons ou de distribuer des copies du contenu soumis. Vous accordez aussi \u00e0 la Fondation le droit \u00e0 l\u2019utilisation et \u00e0 la diffusion illimit\u00e9es du contenu soumis pour quelque raison que ce soit, commerciale ou autre, sans devoir vous accorder ni reconnaissance ni indemnisation. Par la pr\u00e9sente, vous d\u00e9gagez la Fondation, ses agents et ses employ\u00e9s de toute r\u00e9clamation selon laquelle une telle utilisation viole vos droits.<\/p>\n<p>Vous d\u00e9clarez et garantissez que le contenu soumis ne fait l\u2019objet d\u2019aucune obligation de confidentialit\u00e9 et ne porte pas atteinte aux droits de propri\u00e9t\u00e9 intellectuelle d\u2019un tiers, que vous d\u00e9tenez et contr\u00f4lez tous les droits et que vous avez le pouvoir d\u2019accorder ces droits \u00e0 la Fondation.<\/p>\n<p>La Fondation d\u00e9tiendra des droits exclusifs, y compris tous les droits de propri\u00e9t\u00e9 intellectuelle, sur n\u2019importe quelle cr\u00e9ation (future ou actuelle) issue du contenu soumis.<\/p>\n<ol start=\"11\">\n<li><strong>Indemnit\u00e9\u00a0<\/strong><\/li>\n<\/ol>\n<p>En utilisant ce site, vous acceptez d\u2019indemniser, de d\u00e9fendre et d\u2019exon\u00e9rer la Fondation, ses filiales, ses affili\u00e9s, ses d\u00e9l\u00e9gu\u00e9s et chacun de leurs dirigeants, administrateurs, actionnaires, employ\u00e9s et agents de tous co\u00fbts et d\u00e9penses (apr\u00e8s taxes et imp\u00f4ts), y compris des honoraires d\u2019avocat raisonnables, et de toutes pertes, enqu\u00eates, r\u00e9clamations, poursuites, responsabilit\u00e9s ou demandes de votre part ou d\u00e9coulant de votre utilisation de ce site, y compris (mais sans s\u2019y limiter) vos publications ou \u00e0 la transmission du contenu soumis sur ce site par vous.<\/p>\n<ol start=\"12\">\n<li><strong>Liens vers les sites web de tiers\u00a0<\/strong><\/li>\n<\/ol>\n<p>Le pr\u00e9sent site peut contenir des liens menant \u00e0 des sites Web qui sont exploit\u00e9s et entretenus par des tiers. La Fondation n\u2019est pas responsable et ne peut pas \u00eatre tenue responsable du contenu, des services ou des produits offerts sur ces sites Web, ni des pratiques d\u2019un tiers. De plus, elle ne les surveille pas, ne les recommande pas et ne les soutient pas. T\u00e9l\u00e9charger du mat\u00e9riel de certains sites peut parfois violer des droits de propri\u00e9t\u00e9 intellectuelle ou introduire des virus dans votre syst\u00e8me. Les pr\u00e9sentes conditions d\u2019utilisation s\u2019appliquent uniquement au site de la Fondation, et vous devez toujours lire les modalit\u00e9s et les conditions de tout autre site auquel vous acc\u00e9dez au moyen d\u2019un lien.<\/p>\n<ol start=\"13\">\n<li><strong>Droits de propri\u00e9t\u00e9 intellectuelle\u00a0<\/strong><\/li>\n<\/ol>\n<p>Sauf disposition expresse contraire, aucun droit ne vous est accord\u00e9 \u00e0 l\u2019\u00e9gard du contenu accessible sur le site. Tous lesdits droits demeurent la propri\u00e9t\u00e9 de la Fondation (y compris de ses repr\u00e9sentants et fournisseurs) et des propri\u00e9taires des droits d\u2019auteur. POUR L\u2019AMOUR DE LA LECTURE, FONDS INDIGO POUR L\u2019AMOUR DE LA LECTURE et FONDATION INDIGO POUR L\u2019AMOUR DE LA LECTURE sont des marques d\u00e9pos\u00e9es d\u2019Indigo Books &amp; Music Inc. Toutes les autres marques de commerce mentionn\u00e9es sur ce site appartiennent \u00e0 Indigo Books &amp; Music Inc. ou \u00e0 leurs propri\u00e9taires respectifs et sont prot\u00e9g\u00e9es par la loi. Toute utilisation de l\u2019une ou l\u2019autre de ces marques de commerce sans l\u2019autorisation \u00e9crite explicite de la Fondation ou du propri\u00e9taire de la marque de commerce, le cas \u00e9ch\u00e9ant, est strictement interdite.<\/p>\n<ol start=\"14\">\n<li><strong>Loi applicable\u00a0<\/strong><\/li>\n<\/ol>\n<p>Les pr\u00e9sentes conditions sont r\u00e9gies et interpr\u00e9t\u00e9es conform\u00e9ment aux lois de la Province de l\u2019Ontario ainsi qu\u2019aux lois f\u00e9d\u00e9rales canadiennes qui s\u2019y appliquent, sans \u00e9gard aux r\u00e8gles r\u00e9gissant les conflits de lois.<\/p>\n<ol start=\"15\">\n<li><strong>Dur\u00e9e et r\u00e9siliation\u00a0<\/strong><\/li>\n<\/ol>\n<p>La pr\u00e9sente entente demeurera en vigueur aussi longtemps que vous utiliserez le site, \u00e0 moins qu\u2019elle ne soit explicitement r\u00e9sili\u00e9e de fa\u00e7on anticip\u00e9e par la Fondation. Toutes les clauses de la pr\u00e9sente entente qui par leur nature imposent des obligations continues survivront \u00e0 la r\u00e9siliation ou \u00e0 l\u2019expiration de la pr\u00e9sente entente.<\/p>\n<ol start=\"16\">\n<li><strong>Avis<\/strong><\/li>\n<\/ol>\n<p>La transmission de tout avis ou de toute autre communication importante par la Fondation en vertu de la pr\u00e9sente entente sera faite par \u00e9crit et envoy\u00e9e \u00e0 l\u2019adresse de courriel ou \u00e0 l\u2019adresse postale que vous avez communiqu\u00e9e \u00e0 la Fondation au moment de votre inscription. Un tel avis ou une telle communication vous sera envoy\u00e9 par courriel ou par l\u2019entremise d\u2019un service de messagerie de 24\u00a0heures reconnu \u00e0 l\u2019\u00e9chelle nationale, selon le cas. La transmission de tout avis ou de toute autre communication importante \u00e0 la Fondation en vertu de la pr\u00e9sente entente doit \u00eatre faite par \u00e9crit et envoy\u00e9e \u00e0 la Fondation.<\/p>\n<ol start=\"17\">\n<li><strong>Divisibilit\u00e9, Int\u00e9gralit\u00e9 de l&#8217;entente, Cession ou renonciation\u00a0<\/strong><\/li>\n<\/ol>\n<p>Si une quelconque disposition des pr\u00e9sentes conditions d\u2019utilisation est jug\u00e9e ill\u00e9gale, nulle ou insusceptible d\u2019application valable, pour quelque raison que ce soit, elle sera consid\u00e9r\u00e9e comme dissociable des pr\u00e9sentes conditions d\u2019utilisation et n\u2019affectera pas la validit\u00e9 et l\u2019applicabilit\u00e9 des autres dispositions. Ces conditions d\u2019utilisation, ainsi que la politique de confidentialit\u00e9 et toute modalit\u00e9 suppl\u00e9mentaire pouvant \u00eatre publi\u00e9e selon les besoins, constituent l\u2019int\u00e9gralit\u00e9 de l\u2019entente entre vous et la Fondation relativement \u00e0 l\u2019objet des pr\u00e9sentes (\u00ab\u00a0l\u2019entente\u00a0\u00bb). La Fondation peut c\u00e9der ses droits ou ses obligations li\u00e9s \u00e0 cette entente. L\u2019entente est transf\u00e9rable aux successeurs, aux ayants droit et aux licenci\u00e9s de la Fondation. L\u2019omission de l\u2019une des parties \u00e0 exiger ou \u00e0 imposer l\u2019ex\u00e9cution \u00e0 la lettre de l\u2019une ou l\u2019autre des dispositions de la pr\u00e9sente entente par l\u2019autre partie, ou \u00e0 exercer un droit stipul\u00e9 dans ladite entente, ne doit \u00eatre consid\u00e9r\u00e9e d\u2019aucune fa\u00e7on comme une renonciation ou un abandon du droit de cette partie \u00e0 faire valoir ou \u00e0 invoquer de tels droits ou dispositions dans une autre instance; un tel droit de recours sera et demeurera pleinement en vigueur durant toute la dur\u00e9e de l\u2019entente.<\/p>\n","protected":false},"excerpt":{"rendered":"<p>CONDITIONS D\u2019UTILISATION DU SITE WEB Le site Web loveofreading.org et son contenu (le \u00ab\u00a0site\u00a0\u00bb) sont d\u00e9tenus et exploit\u00e9s par la Fondation Indigo pour l\u2019amour de la lecture (la \u00ab\u00a0Fondation\u00a0\u00bb). Conditions\u00a0 En acc\u00e9dant \u00e0 ce site, vous reconnaissez avoir lu et compris les pr\u00e9sentes conditions d\u2019utilisation, y compris notre politique de confidentialit\u00e9, et acceptez d\u2019\u00eatre li\u00e9 &#8230; <a title=\"Conditions d&#8217;utilisation du site web\" class=\"read-more\" href=\"https:\/\/www.indigoloveofreading.org\/fr\/conditions-dutilisation-du-site-web\/\" aria-label=\"Read more about Conditions d&#8217;utilisation du site web\">Lire plus<\/a><\/p>\n","protected":false},"author":990,"featured_media":0,"parent":0,"menu_order":0,"comment_status":"closed","ping_status":"closed","template":"","meta":{"_acf_changed":false,"inline_featured_image":false,"footnotes":""},"class_list":["post-755","page","type-page","status-publish"],"acf":[],"_links":{"self":[{"href":"https:\/\/www.indigoloveofreading.org\/fr\/wp-json\/wp\/v2\/pages\/755","targetHints":{"allow":["GET"]}}],"collection":[{"href":"https:\/\/www.indigoloveofreading.org\/fr\/wp-json\/wp\/v2\/pages"}],"about":[{"href":"https:\/\/www.indigoloveofreading.org\/fr\/wp-json\/wp\/v2\/types\/page"}],"author":[{"embeddable":true,"href":"https:\/\/www.indigoloveofreading.org\/fr\/wp-json\/wp\/v2\/users\/990"}],"replies":[{"embeddable":true,"href":"https:\/\/www.indigoloveofreading.org\/fr\/wp-json\/wp\/v2\/comments?post=755"}],"version-history":[{"count":4,"href":"https:\/\/www.indigoloveofreading.org\/fr\/wp-json\/wp\/v2\/pages\/755\/revisions"}],"predecessor-version":[{"id":2534,"href":"https:\/\/www.indigoloveofreading.org\/fr\/wp-json\/wp\/v2\/pages\/755\/revisions\/2534"}],"wp:attachment":[{"href":"https:\/\/www.indigoloveofreading.org\/fr\/wp-json\/wp\/v2\/media?parent=755"}],"curies":[{"name":"wp","href":"https:\/\/api.w.org\/{rel}","templated":true}]}}