{"id":823,"date":"2019-02-01T13:58:26","date_gmt":"2019-02-01T18:58:26","guid":{"rendered":"https:\/\/www.indigoloveofreading.org\/?page_id=823"},"modified":"2025-04-01T16:13:30","modified_gmt":"2025-04-01T20:13:30","slug":"faq","status":"publish","type":"page","link":"https:\/\/www.indigoloveofreading.org\/fr\/faq\/","title":{"rendered":"FOIRE AUX QUESTIONS"},"content":{"rendered":"\n<ol class=\"wp-block-list\">\n<li><strong> Qu\u2019est-ce que la Fondation Indigo pour l\u2019amour de la lecture?<\/strong><br>La Fondation Indigo pour l\u2019amour de la lecture fait la promotion de la litt\u00e9ratie au Canada depuis 2004. Nous sommes un organisme de bienfaisance enregistr\u00e9 qui collabore \u00e9troitement avec Indigo Books &amp; Music Inc. afin de recueillir des fonds pour combattre la crise de litt\u00e9ratie au Canada et pour et sensibiliser la population \u00e0 celle-ci. Jusqu\u2019\u00e0 pr\u00e9sent, avec l\u2019aide d\u2019Indigo et de la client\u00e8le et du personnel de cette derni\u00e8re, nous avons remis plus de 35\u00a0M$ \u00e0 plus de 3\u00a0600\u00a0\u00e9coles dans le besoin, inspirant ainsi l\u2019amour de la lecture \u00e0 plus de 1\u00a0million d\u2019enfants. Nous croyons qu\u2019ensemble, nous pouvons cr\u00e9er un avenir o\u00f9 chaque enfant a la possibilit\u00e9 de d\u00e9velopper un amour de la lecture.<br><\/li>\n\n\n\n<li><strong><strong>Pourquoi la Fondation choisit-elle de se concentrer sur les \u00e9coles primaires dans le besoin?<\/strong><\/strong><br>Nous savons que la qualit\u00e9 et la quantit\u00e9 des livres \u00e0 la disposition des enfants peuvent varier consid\u00e9rablement en fonction de divers facteurs, comme le milieu socio-\u00e9conomique et l\u2019emplacement de leur famille. Chaque enfant a besoin de lire de nouveaux livres passionnants pour d\u00e9velopper les capacit\u00e9s de lecture et d\u2019\u00e9criture essentielles \u00e0 sa r\u00e9ussite scolaire ainsi que son amour de la lecture. En raison du sous-financement des biblioth\u00e8ques des \u00e9coles primaires, un grand nombre d\u2019enfants n\u2019ont pas acc\u00e8s \u00e0 ces livres. La Fondation s\u2019efforce d\u2019offrir des livres \u00e0 ces \u00e9coles afin que tous les enfants canadiens aient acc\u00e8s aux ressources dont ils ont besoin pour d\u00e9velopper leurs comp\u00e9tences en litt\u00e9ratie. En offrant un appui aux \u00e9coles primaires dans le besoin, nous \u00e9quipons le personnel enseignant, les biblioth\u00e9caires et les directeurs et directrices avec les ressources n\u00e9cessaires pour encourager la r\u00e9ussite scolaire et pour inspirer un amour de la lecture \u00e0 long terme \u00e0 leurs \u00e9l\u00e8ves.<br><\/li>\n\n\n\n<li><strong><strong>Comment d\u00e9terminez-vous si une \u00e9cole primaire est dans le besoin?<\/strong><\/strong><br>La Fondation estime qu\u2019une \u00e9cole primaire dans le besoin est une \u00e9cole canadienne publique financ\u00e9e \u00e0 au moins 80\u00a0% par le gouvernement provincial ou f\u00e9d\u00e9ral et dont la biblioth\u00e8que dispose d\u2019un budget annuel de moins de 30\u00a0$ par \u00e9l\u00e8ve. De plus, les dirigeants et dirigeantes de l\u2019\u00e9cole doivent faire savoir qu\u2019ils ont besoin d\u2019aide en ce qui concerne la biblioth\u00e8que de leur \u00e9cole et les livres en g\u00e9n\u00e9ral.<\/li>\n<\/ol>\n\n\n\n<ol start=\"4\" class=\"wp-block-list\">\n<li><strong><strong>Comment la fondation appuie-t-elle ces \u00e9coles?<\/strong><\/strong><br>La Fondation fournit du soutien sous trois formes\u00a0: financement direct, ressources \u00e9ducatives et sensibilisation du public aux d\u00e9fis qui persistent. Gr\u00e2ce \u00e0 ses deux programmes phares, le programme de subvention du Fonds pour la litt\u00e9ratie et le programme Adoptez une \u00e9cole, la fondation distribue pr\u00e8s de 1,5\u00a0M$ par ann\u00e9e \u00e0 des \u00e9coles primaires et \u00e0 des organismes communautaires. En outre, la Fondation fournit au personnel enseignant et aux familles des outils et des ressources (comme des guides de lecture et des plans de cours) pour aider les jeunes lecteurs et lectrices dans leur parcours de litt\u00e9ratie. Enfin, nous tirons parti de notre plateforme nationale pour susciter le dialogue et rallier du soutien \u00e0 l\u2019\u00e9gard de la crise de litt\u00e9ratie au Canada.<\/li>\n<\/ol>\n\n\n\n<ol start=\"5\" class=\"wp-block-list\">\n<li><strong><strong>Qu\u2019est-ce qu\u2019une subvention du Fonds pour la litt\u00e9ratie de la Fondation Indigo?<\/strong><\/strong><br>Gr\u00e2ce \u00e0 la g\u00e9n\u00e9rosit\u00e9 d\u2019Indigo et de la client\u00e8le et du personnel de celle-ci, la Fondation Indigo pour l\u2019amour de la lecture remet chaque ann\u00e9e une somme de plus de 1\u00a0million de dollars \u00e0 des \u00e9coles primaires dans le besoin partout au pays pour appuyer leur biblioth\u00e8que. Depuis 2004, des centaines d\u2019\u00e9coles primaires dans le besoin ont transform\u00e9 leur biblioth\u00e8que \u00e0 l\u2019aide d\u2019une subvention du Fonds pour la litt\u00e9ratie. Les b\u00e9n\u00e9ficiaires de cette subvention re\u00e7oivent les fonds \u00e9tal\u00e9s sur plusieurs ann\u00e9es. Chaque ann\u00e9e du programme, les \u00e9coles re\u00e7oivent 10\u00a0% de la subvention sous forme d\u2019un ch\u00e8que qui leur permet de financer des projets ayant pour but de promouvoir la litt\u00e9ratie dans leur \u00e9cole. Par exemple, chaque \u00e9cole peut organiser la visite de conf\u00e9renciers ou d\u2019autres activit\u00e9s consacr\u00e9es \u00e0 la litt\u00e9ratie. Les \u00e9coles b\u00e9n\u00e9ficiaires re\u00e7oivent le reste de leur subvention (90\u00a0%) sous forme d\u2019un cr\u00e9dit pour acheter de nouveaux livres dans les magasins Indigo, Chapters et Coles, o\u00f9 elles b\u00e9n\u00e9ficient aussi d\u2019une r\u00e9duction de 30\u00a0%. En accordant ses subventions de cette fa\u00e7on, la Fondation peut suivre et g\u00e9rer efficacement les d\u00e9penses li\u00e9es aux subventions et s\u2019assurer que les fonds sont utilis\u00e9s de la bonne fa\u00e7on. Cela permet aussi aux \u00e9coles, y compris les \u00e9coles rurales et \u00e9loign\u00e9es, d\u2019\u00e9viter les frais d\u2019exp\u00e9dition et de maximiser les fonds de la subvention. Dans les cas o\u00f9 cette approche ne r\u00e9pond pas aux besoins particuliers d\u2019une \u00e9cole b\u00e9n\u00e9ficiaire, il est toujours possible de prendre des mesures d\u2019adaptation.<\/li>\n<\/ol>\n\n\n\n<ol start=\"6\" class=\"wp-block-list\">\n<li><strong><strong>Qu\u2019est-ce que la subvention Adoptez une \u00e9cole?<\/strong><\/strong><br>Chaque ann\u00e9e, la collecte de fonds et la subvention Adoptez une \u00e9cole permet \u00e0 la client\u00e8le et au personnel d\u2019Indigo d\u2019unir leurs forces \u00e0 celles des collectivit\u00e9s pour recueillir de l\u2019argent afin de regarnir les biblioth\u00e8ques des \u00e9coles primaires dans le besoin de partout au pays. Dans le cadre de cette collecte de fonds en ligne et en magasin, chaque magasin Indigo, Chapters ou Coles \u00e9tablit un partenariat avec une \u00e9cole primaire dans le besoin. La totalit\u00e9 des fonds recueillis pendant la p\u00e9riode de collecte de fonds est ensuite remise aux \u00e9coles partenaires pour l\u2019achat de nouveaux livres.<\/li>\n<\/ol>\n\n\n\n<ol start=\"7\" class=\"wp-block-list\">\n<li><strong><strong>Comment mon \u00e9cole peut-elle pr\u00e9senter une demande de subvention du Fonds pour la litt\u00e9ratie ou de subvention Adoptez une \u00e9cole?<\/strong><\/strong><br>Les membres du personnel des \u00e9coles primaires dans le besoin au Canada sont invit\u00e9s \u00e0 pr\u00e9senter une demande pour nos programmes durant la p\u00e9riode de candidature, qui s\u2019\u00e9tend de janvier \u00e0 mars chaque ann\u00e9e. Pour en savoir plus sur les crit\u00e8res d\u2019admissibilit\u00e9, les dates cl\u00e9s et les ressources pour pr\u00e9senter une demande, visitez la page <a href=\"http:\/\/www.indigoloveofreading.org\/fr\/subventions\/\">indigoloveofreading.org\/fr\/subventions\/<\/a>. Veuillez noter que vous devez informer votre conseil scolaire ou votre commission scolaire avant de soumettre une demande.<\/li>\n<\/ol>\n\n\n\n<ol start=\"8\" class=\"wp-block-list\">\n<li><strong><strong>Sur quoi vous fondez-vous pour dire que 30\u00a0% des \u00e9l\u00e8ves ne poss\u00e8dent pas les comp\u00e9tences de base en litt\u00e9ratie?<\/strong><\/strong><br>Ensemble, l\u2019<a href=\"https:\/\/www.eqao.com\/a-propos-de-oqre\/communiques-de-presse\/resultats-tests-2024\/?lang=fr\">\u00e9tude\u00a02023-2024 de l\u2019OQRE en Ontario<\/a> et l\u2019<a href=\"https:\/\/cmec.ca\/docs\/pisa2022\/PISA-2022_Highlights_FINAL_fr.pdf\">\u00e9tude du PISA\u00a02022 de l\u2019OCDE<\/a> indiquent que seulement pr\u00e8s de 70\u00a0% des \u00e9l\u00e8ves atteignent les normes provinciales en ce qui a trait aux capacit\u00e9s de lecture en 3<sup>e<\/sup>\u00a0ann\u00e9e et qu\u2019environ 30\u00a0% n\u2019y arrivent pas.Malheureusement, comme il n\u2019existe pas de norme commune \u00e0 toutes les provinces en ce qui concerne la lecture et comme les enfants ne passent pas tous les m\u00eames examens, nous devons nous regrouper les r\u00e9sultats de diff\u00e9rentes sources pour avoir un portrait global de la situation.<\/li>\n<\/ol>\n\n\n\n<ol start=\"9\" class=\"wp-block-list\">\n<li><strong><strong>Sur quoi vous fondez-vous pour affirmer qu\u2019au Canada, de nombreuses \u00e9coles primaires dans le besoin doivent se limiter \u00e0 un nouveau livre de biblioth\u00e8que par trois \u00e9l\u00e8ves<\/strong><\/strong>? <br>Chaque ann\u00e9e, la Fondation Indigo pour l\u2019amour de la lecture apporte du soutien \u00e0 environ 300\u00a0\u00e9coles primaires dans le besoin au Canada. Nombre de ces \u00e9coles nous disent que, sans la Fondation, leur budget pour les livres de biblioth\u00e8que est tr\u00e8s limit\u00e9 et qu\u2019elles ne peuvent acheter qu\u2019un nouveau livre de biblioth\u00e8que par trois \u00e9l\u00e8ves. L\u2019information fournie par ces \u00e9coles est corrobor\u00e9e par le Dr Ken\u00a0Haycock, auteur du rapport <a href=\"https:\/\/accessola.com\/wp-content\/uploads\/2020\/08\/2013-CrisisInSchoolLibraries.pdf\">The Crisis in Canada\u2019s School Libraries<\/a> (en anglais seulement), qui a \u00e9tudi\u00e9 en profondeur l\u2019histoire du financement des biblioth\u00e8ques des \u00e9coles publiques des ann\u00e9es\u00a070 \u00e0 aujourd\u2019hui. Ses recherches indiquent qu\u2019en 1970, les \u00e9coles canadiennes avaient le budget pour acheter trois livres par \u00e9l\u00e8ves par ann\u00e9e, alors qu\u2019aujourd\u2019hui, elles ont seulement les moyens d\u2019acheter moins d\u2019un tiers de livre par enfant.<\/li>\n<\/ol>\n\n\n\n<ol start=\"10\" class=\"wp-block-list\">\n<li><strong><strong>Comment la Fondation est-elle financ\u00e9e?<\/strong><\/strong><br>La Fondation est financ\u00e9e par une combinaison de dons faits par Indigo, son personnel, les membres de sa direction, ses fournisseurs et sa client\u00e8le. Chaque ann\u00e9e, 1\u00a0% du produit net de tous les livres pour enfants vendus par Indigo va \u00e0 la Fondation Indigo pour l\u2019amour de la lecture. Les dons de la client\u00e8le vont directement \u00e0 la Fondation Indigo pour l\u2019amour de la lecture, dont la mission est de lutter contre la crise de litt\u00e9ratie au Canada en faisant la promotion de la litt\u00e9ratie chez les enfants dans les collectivit\u00e9s d\u00e9favoris\u00e9es.<\/li>\n<\/ol>\n\n\n\n<ol start=\"11\" class=\"wp-block-list\">\n<li><strong><strong>Les \u00e9coles b\u00e9n\u00e9ficient-elles d\u2019un rabais sur les livres?<\/strong><\/strong><br>Chaque fois qu\u2019une \u00e9cole ou qu\u2019un organisme sans but lucratif b\u00e9n\u00e9ficiant d\u2019une subvention ach\u00e8te des livres \u00e0 Indigo ou dans un magasin Chapters ou Coles, elle ou il a aussi droit \u00e0 une r\u00e9duction de 30\u00a0% et \u00e0 la livraison gratuite sur tous ses achats.<\/li>\n<\/ol>\n\n\n\n<ol start=\"12\" class=\"wp-block-list\">\n<li><strong><strong>Comment les membres de l\u2019\u00e9quipe Indigo appuient-ils la Fondation?<\/strong><\/strong><br>La relation que la Fondation entretient avec les membres de l\u2019\u00e9quipe Indigo est un \u00e9l\u00e9ment essentiel pour g\u00e9n\u00e9rer les retomb\u00e9es voulues. Les membres de l\u2019\u00e9quipe Indigo participent \u00e0 tous les aspects de la programmation de la Fondation, y compris les collectes de fonds pour ses grands programmes, du b\u00e9n\u00e9volat pour appuyer le processus d\u2019\u00e9valuation des demandes et diverses t\u00e2ches administratives. Les membres de l\u2019\u00e9quipe Indigo parlent \u00e0 la client\u00e8le et \u00e0 leurs communaut\u00e9s de leur passion pour la litt\u00e9ratie et de l\u2019importance d\u2019appuyer les biblioth\u00e8ques des \u00e9coles primaires dans le besoin. Ils jouent aussi un r\u00f4le cl\u00e9 en soutenant les \u00e9coles qui re\u00e7oivent des fonds de la Fondation, par exemple en fournissant au personnel enseignant des recommandations de livres qui peuvent inspirer les \u00e9l\u00e8ves \u00e0 devenir des lectrices et des lecteurs passionn\u00e9s.<\/li>\n<\/ol>\n\n\n\n<ol start=\"13\" class=\"wp-block-list\">\n<li><strong><strong>Comment puis-je faire un don?<\/strong><\/strong><br>La Fondation d\u00e9pend des dons g\u00e9n\u00e9reux faits par la client\u00e8le et le personnel d\u2019Indigo et par le grand public qui s\u2019int\u00e9resse \u00e0 la litt\u00e9ratie. Nous accueillons vos dons dans les magasins Indigo, Chapters et Coles ou en ligne sur notre page de <a href=\"https:\/\/indigoloveofreadingfoundation.givecloud.co\/\">collecte de fonds<\/a> s\u00e9curis\u00e9e.<\/li>\n<\/ol>\n\n\n\n<ol start=\"14\" class=\"wp-block-list\">\n<li><strong> <strong>Puis-je recevoir un re\u00e7u officiel pour mon don<\/strong><\/strong>?<br>Les dons faits dans les magasins Indigo, Chapters et Coles sont admissibles \u00e0 des re\u00e7us aux fins d\u2019imp\u00f4t sur demande; il suffit d\u2019envoyer un courriel \u00e0 l\u2019\u00e9quipe de la Fondation \u00e0 l\u2019adresse <a href=\"mailto:loveofreading@indigo.ca\">loveofreading@indigo.ca<\/a> avec une copie du re\u00e7u original et les coordonn\u00e9es suivantes\u00a0: nom complet de la personne qui a fait le don, adresse postale canadienne compl\u00e8te et adresse de courriel. Pour les dons faits en ligne \u00e0 <a href=\"https:\/\/indigoloveofreadingfoundation.givecloud.co\/\">indigoloveofreadingfoundation.givecloud.co\/<\/a>, des re\u00e7us aux fins d\u2019imp\u00f4t seront automatiquement fournis pour tout don d\u2019au moins 20\u00a0$ CA et seront fournis sur demande si le don est inf\u00e9rieur \u00e0 20\u00a0$ CA.<br><\/li>\n\n\n\n<li><strong>Indigo Books &amp; Music inc. b\u00e9n\u00e9ficie-t-elle d\u2019avantages fiscaux provenant des dons que sa client\u00e8le fait \u00e0 la Fondation?<\/strong> <br>Non. Indigo ne b\u00e9n\u00e9ficie d\u2019aucun avantage fiscal provenant de la collecte et de la transmission des dons de sa client\u00e8le \u00e0 la Fondation.<br><\/li>\n\n\n\n<li><strong>Qu\u2019est-ce que la promesse de don de 1\u00a0% d\u2019Indigo?<\/strong><br>Indigo s\u2019est engag\u00e9e \u00e0 donner 1\u00a0% du produit net annuel provenant de la vente de livres pour enfants et pour b\u00e9b\u00e9s \u00e0 la Fondation Indigo pour l\u2019amour de la lecture. Indigo est une partenaire fondatrice de la Fondation Indigo pour l\u2019amour de la lecture depuis sa cr\u00e9ation et, \u00e0 ce jour, la plus importante donatrice individuelle.<br><\/li>\n\n\n\n<li><strong>O\u00f9 puis-je acc\u00e9der \u00e0 plus de renseignements sur la Fondation Indigo pour l\u2019amour de la lecture?<\/strong><br>Pour en savoir plus sur nos retomb\u00e9es, veuillez consulter notre rapport social annuel. Veuillez consulter le tableau ci-dessous pour obtenir l\u2019information financi\u00e8re la plus r\u00e9cente.<\/li>\n<\/ol>\n\n\n\n<figure class=\"wp-block-image size-full\"><img loading=\"lazy\" decoding=\"async\" width=\"975\" height=\"938\" src=\"https:\/\/www.indigoloveofreading.org\/wp-content\/uploads\/2025\/04\/image.png\" alt=\"\" class=\"wp-image-17095\" srcset=\"https:\/\/www.indigoloveofreading.org\/wp-content\/uploads\/2025\/04\/image.png 975w, https:\/\/www.indigoloveofreading.org\/wp-content\/uploads\/2025\/04\/image-300x289.png 300w, https:\/\/www.indigoloveofreading.org\/wp-content\/uploads\/2025\/04\/image-768x739.png 768w, https:\/\/www.indigoloveofreading.org\/wp-content\/uploads\/2025\/04\/image-50x48.png 50w\" sizes=\"auto, (max-width: 975px) 100vw, 975px\" \/><\/figure>\n\n\n\n<p><strong>Si vous avez d\u2019autres questions, veuillez envoyer un courriel \u00e0 l\u2019\u00e9quipe de la Fondation \u00e0 <\/strong><a href=\"mailto:loveofreading@indigo.ca\"><strong>loveofreading@indigo.ca<\/strong><\/a><strong>.<\/strong><\/p>\n","protected":false},"excerpt":{"rendered":"<p>Si vous avez d\u2019autres questions, veuillez envoyer un courriel \u00e0 l\u2019\u00e9quipe de la Fondation \u00e0 loveofreading@indigo.ca.<\/p>\n","protected":false},"author":990,"featured_media":0,"parent":0,"menu_order":0,"comment_status":"closed","ping_status":"closed","template":"","meta":{"_acf_changed":false,"inline_featured_image":false,"footnotes":""},"class_list":["post-823","page","type-page","status-publish"],"acf":[],"_links":{"self":[{"href":"https:\/\/www.indigoloveofreading.org\/fr\/wp-json\/wp\/v2\/pages\/823","targetHints":{"allow":["GET"]}}],"collection":[{"href":"https:\/\/www.indigoloveofreading.org\/fr\/wp-json\/wp\/v2\/pages"}],"about":[{"href":"https:\/\/www.indigoloveofreading.org\/fr\/wp-json\/wp\/v2\/types\/page"}],"author":[{"embeddable":true,"href":"https:\/\/www.indigoloveofreading.org\/fr\/wp-json\/wp\/v2\/users\/990"}],"replies":[{"embeddable":true,"href":"https:\/\/www.indigoloveofreading.org\/fr\/wp-json\/wp\/v2\/comments?post=823"}],"version-history":[{"count":9,"href":"https:\/\/www.indigoloveofreading.org\/fr\/wp-json\/wp\/v2\/pages\/823\/revisions"}],"predecessor-version":[{"id":17097,"href":"https:\/\/www.indigoloveofreading.org\/fr\/wp-json\/wp\/v2\/pages\/823\/revisions\/17097"}],"wp:attachment":[{"href":"https:\/\/www.indigoloveofreading.org\/fr\/wp-json\/wp\/v2\/media?parent=823"}],"curies":[{"name":"wp","href":"https:\/\/api.w.org\/{rel}","templated":true}]}}